{"id":10,"date":"2025-03-07T19:26:17","date_gmt":"2025-03-07T18:26:17","guid":{"rendered":"http:\/\/localhost:8888\/?page_id=10"},"modified":"2025-03-10T13:14:39","modified_gmt":"2025-03-10T12:14:39","slug":"objectifs","status":"publish","type":"page","link":"http:\/\/www.gip-ecofor.org\/cartofora\/objectifs\/","title":{"rendered":"Objectifs"},"content":{"rendered":"\n<h1 class=\"wp-block-heading\">Le projet Cartofora<\/h1>\n\n\n\n<h2 class=\"wp-block-heading\">Objectifs<\/h2>\n\n\n\n<p>Ce site vise \u00e0 rendre compte de l&rsquo;\u00e9tat d&rsquo;avancement de la cartographie de l\u2019occupation ancienne des sols fran\u00e7ais et \u00e0 fournir les informations sur l\u2019acc\u00e8s aux donn\u00e9es des travaux cartographiques d\u00e9j\u00e0 r\u00e9alis\u00e9s \u00e0 l\u2019\u00e9chelle r\u00e9gionale, qu\u2019ils portent sur la for\u00eat ou d\u2019autres d\u2019occupations anciennes du sol.<br>S\u2019agissant des for\u00eats anciennes, ce site veut contribuer, par la mise \u00e0 disposition d\u2019informations scientifiques et techniques, \u00e0 mieux faire connaitre ces for\u00eats, leur valeur, et ainsi contribuer \u00e0 leur pr\u00e9servation.<\/p>\n","protected":false},"excerpt":{"rendered":"<p>Le projet Cartofora Objectifs Ce site vise \u00e0 rendre compte de l&rsquo;\u00e9tat d&rsquo;avancement de la cartographie de l\u2019occupation ancienne des sols fran\u00e7ais et \u00e0 fournir les informations sur l\u2019acc\u00e8s aux donn\u00e9es des travaux cartographiques d\u00e9j\u00e0 r\u00e9alis\u00e9s \u00e0 l\u2019\u00e9chelle r\u00e9gionale, qu\u2019ils portent sur la for\u00eat ou d\u2019autres d\u2019occupations anciennes du sol.S\u2019agissant des for\u00eats anciennes, ce site &hellip; <\/p>\n<p class=\"link-more\"><a href=\"http:\/\/www.gip-ecofor.org\/cartofora\/objectifs\/\" class=\"more-link\">Lire la suite de<span class=\"screen-reader-text\">\u00ab\u00a0Objectifs\u00a0\u00bb<\/span><\/a><\/p>\n","protected":false},"author":1,"featured_media":0,"parent":0,"menu_order":0,"comment_status":"closed","ping_status":"closed","template":"","meta":{"footnotes":""},"class_list":["post-10","page","type-page","status-publish","hentry"],"_links":{"self":[{"href":"http:\/\/www.gip-ecofor.org\/cartofora\/wp-json\/wp\/v2\/pages\/10","targetHints":{"allow":["GET"]}}],"collection":[{"href":"http:\/\/www.gip-ecofor.org\/cartofora\/wp-json\/wp\/v2\/pages"}],"about":[{"href":"http:\/\/www.gip-ecofor.org\/cartofora\/wp-json\/wp\/v2\/types\/page"}],"author":[{"embeddable":true,"href":"http:\/\/www.gip-ecofor.org\/cartofora\/wp-json\/wp\/v2\/users\/1"}],"replies":[{"embeddable":true,"href":"http:\/\/www.gip-ecofor.org\/cartofora\/wp-json\/wp\/v2\/comments?post=10"}],"version-history":[{"count":2,"href":"http:\/\/www.gip-ecofor.org\/cartofora\/wp-json\/wp\/v2\/pages\/10\/revisions"}],"predecessor-version":[{"id":286,"href":"http:\/\/www.gip-ecofor.org\/cartofora\/wp-json\/wp\/v2\/pages\/10\/revisions\/286"}],"wp:attachment":[{"href":"http:\/\/www.gip-ecofor.org\/cartofora\/wp-json\/wp\/v2\/media?parent=10"}],"curies":[{"name":"wp","href":"https:\/\/api.w.org\/{rel}","templated":true}]}}