{"id":250,"date":"2025-03-10T10:21:33","date_gmt":"2025-03-10T09:21:33","guid":{"rendered":"http:\/\/localhost:8888\/?page_id=250"},"modified":"2026-04-28T16:03:20","modified_gmt":"2026-04-28T14:03:20","slug":"accueil","status":"publish","type":"page","link":"http:\/\/www.gip-ecofor.org\/cartofora\/","title":{"rendered":"Accueil"},"content":{"rendered":"\n<div class=\"wp-block-columns are-vertically-aligned-center is-layout-flex wp-container-core-columns-is-layout-28f84493 wp-block-columns-is-layout-flex\">\n<div class=\"wp-block-column is-vertically-aligned-center is-layout-flow wp-block-column-is-layout-flow\">\n<h1 class=\"wp-block-heading has-medium-font-size\">Cartofora : Cartographie historique des for\u00eats anciennes<\/h1>\n\n\n\n<p>Cartofora est un projet port\u00e9 par le <strong>GIP Ecofor<\/strong> visant \u00e0 num\u00e9riser et vectoriser les <strong>minutes d&rsquo;\u00c9tat-Major du XIXe si\u00e8cle<\/strong>. Cette base de donn\u00e9es permet d&rsquo;identifier les <strong>for\u00eats anciennes<\/strong> de France pour mieux comprendre l&rsquo;\u00e9volution des paysages et pr\u00e9server la biodiversit\u00e9 actuelle.<\/p>\n<\/div>\n\n\n\n<div class=\"wp-block-column is-vertically-aligned-center is-layout-flow wp-block-column-is-layout-flow\">\n<figure class=\"wp-block-image alignwide size-full\"><img loading=\"lazy\" decoding=\"async\" width=\"500\" height=\"353\" src=\"http:\/\/localhost:8888\/wp-content\/uploads\/2025\/03\/carto1.jpg\" alt=\"Superposition d'une carte d'\u00c9tat-Major historique et d'une vue satellite actuelle - Projet Cartofora\" class=\"wp-image-156\" srcset=\"http:\/\/www.gip-ecofor.org\/cartofora\/wp-content\/uploads\/2025\/03\/carto1.jpg 500w, http:\/\/www.gip-ecofor.org\/cartofora\/wp-content\/uploads\/2025\/03\/carto1-300x212.jpg 300w\" sizes=\"auto, (max-width: 500px) 100vw, 500px\" \/><figcaption class=\"wp-element-caption\"><em>Superposition d&rsquo;une carte d&rsquo;\u00c9tat-Major historique et d&rsquo;une vue satellite actuelle<\/em><\/figcaption><\/figure>\n<\/div>\n<\/div>\n\n\n\n<div class=\"wp-block-columns is-layout-flex wp-container-core-columns-is-layout-28f84493 wp-block-columns-is-layout-flex\">\n<div class=\"wp-block-column is-layout-flow wp-block-column-is-layout-flow\">\n<div class=\"wp-block-columns is-layout-flex wp-container-core-columns-is-layout-28f84493 wp-block-columns-is-layout-flex\">\n<div class=\"wp-block-column is-layout-flow wp-block-column-is-layout-flow\">\n<figure class=\"wp-block-image alignleft size-full is-resized\"><a href=\"http:\/\/www.developpement-durable.gouv.fr\/\"><img loading=\"lazy\" decoding=\"async\" width=\"600\" height=\"785\" src=\"http:\/\/localhost:8888\/wp-content\/uploads\/2025\/03\/mtes.jpg\" alt=\"\" class=\"wp-image-160\" style=\"width:64px;height:auto\" srcset=\"http:\/\/www.gip-ecofor.org\/cartofora\/wp-content\/uploads\/2025\/03\/mtes.jpg 600w, http:\/\/www.gip-ecofor.org\/cartofora\/wp-content\/uploads\/2025\/03\/mtes-229x300.jpg 229w\" sizes=\"auto, (max-width: 600px) 100vw, 600px\" \/><\/a><\/figure>\n<\/div>\n\n\n\n<div class=\"wp-block-column is-layout-flow wp-block-column-is-layout-flow\">\n<figure class=\"wp-block-image alignleft size-full is-resized\"><a href=\"http:\/\/www.gip-ecofor.org\/\"><img loading=\"lazy\" decoding=\"async\" width=\"127\" height=\"80\" src=\"http:\/\/localhost:8888\/wp-content\/uploads\/2025\/03\/ecofor.png\" alt=\"\" class=\"wp-image-161\" style=\"width:108px;height:auto\"\/><\/a><\/figure>\n<\/div>\n\n\n\n<div class=\"wp-block-column is-layout-flow wp-block-column-is-layout-flow\">\n<figure class=\"wp-block-image alignleft size-full is-resized\"><a href=\"http:\/\/www.inra.fr\/\"><img loading=\"lazy\" decoding=\"async\" width=\"738\" height=\"379\" src=\"http:\/\/localhost:8888\/wp-content\/uploads\/2025\/03\/inra.png\" alt=\"\" class=\"wp-image-162\" style=\"width:134px;height:auto\" srcset=\"http:\/\/www.gip-ecofor.org\/cartofora\/wp-content\/uploads\/2025\/03\/inra.png 738w, http:\/\/www.gip-ecofor.org\/cartofora\/wp-content\/uploads\/2025\/03\/inra-300x154.png 300w\" sizes=\"auto, (max-width: 738px) 100vw, 738px\" \/><\/a><\/figure>\n<\/div>\n<\/div>\n<\/div>\n\n\n\n<div class=\"wp-block-column is-layout-flow wp-block-column-is-layout-flow\">\n<div class=\"wp-block-columns is-layout-flex wp-container-core-columns-is-layout-28f84493 wp-block-columns-is-layout-flex\">\n<div class=\"wp-block-column is-layout-flow wp-block-column-is-layout-flow\">\n<div class=\"wp-block-columns is-layout-flex wp-container-core-columns-is-layout-28f84493 wp-block-columns-is-layout-flex\">\n<div class=\"wp-block-column is-layout-flow wp-block-column-is-layout-flow\">\n<figure class=\"wp-block-image alignleft size-full is-resized\"><a href=\"http:\/\/www.cnrs.fr\/\"><img loading=\"lazy\" decoding=\"async\" width=\"300\" height=\"300\" src=\"http:\/\/localhost:8888\/wp-content\/uploads\/2025\/03\/cnrs.jpg\" alt=\"\" class=\"wp-image-163\" style=\"width:68px;height:auto\" srcset=\"http:\/\/www.gip-ecofor.org\/cartofora\/wp-content\/uploads\/2025\/03\/cnrs.jpg 300w, http:\/\/www.gip-ecofor.org\/cartofora\/wp-content\/uploads\/2025\/03\/cnrs-150x150.jpg 150w\" sizes=\"auto, (max-width: 300px) 100vw, 300px\" \/><\/a><\/figure>\n<\/div>\n\n\n\n<div class=\"wp-block-column is-layout-flow wp-block-column-is-layout-flow\">\n<figure class=\"wp-block-image alignleft size-full is-resized\"><a href=\"http:\/\/www.u-picardie.fr\/\"><img loading=\"lazy\" decoding=\"async\" width=\"860\" height=\"949\" src=\"http:\/\/localhost:8888\/wp-content\/uploads\/2025\/03\/upicardie.png\" alt=\"\" class=\"wp-image-166\" style=\"width:64px;height:auto\" srcset=\"http:\/\/www.gip-ecofor.org\/cartofora\/wp-content\/uploads\/2025\/03\/upicardie.png 860w, http:\/\/www.gip-ecofor.org\/cartofora\/wp-content\/uploads\/2025\/03\/upicardie-272x300.png 272w, http:\/\/www.gip-ecofor.org\/cartofora\/wp-content\/uploads\/2025\/03\/upicardie-768x847.png 768w\" sizes=\"auto, (max-width: 860px) 100vw, 860px\" \/><\/a><\/figure>\n<\/div>\n<\/div>\n<\/div>\n\n\n\n<div class=\"wp-block-column is-layout-flow wp-block-column-is-layout-flow\">\n<div class=\"wp-block-columns is-layout-flex wp-container-core-columns-is-layout-28f84493 wp-block-columns-is-layout-flex\">\n<div class=\"wp-block-column is-layout-flow wp-block-column-is-layout-flow\">\n<figure class=\"wp-block-image alignleft size-full is-resized\"><a href=\"http:\/\/www.irstea.fr\/\"><img loading=\"lazy\" decoding=\"async\" width=\"100\" height=\"101\" src=\"http:\/\/localhost:8888\/wp-content\/uploads\/2025\/03\/irstea.png\" alt=\"\" class=\"wp-image-164\" style=\"width:62px;height:auto\"\/><\/a><\/figure>\n<\/div>\n\n\n\n<div class=\"wp-block-column is-layout-flow wp-block-column-is-layout-flow\">\n<figure class=\"wp-block-image aligncenter size-full\"><a href=\"http:\/\/www.ign.fr\/\"><img loading=\"lazy\" decoding=\"async\" width=\"184\" height=\"84\" src=\"http:\/\/localhost:8888\/wp-content\/uploads\/2025\/03\/ign.png\" alt=\"\" class=\"wp-image-165\"\/><\/a><\/figure>\n<\/div>\n<\/div>\n<\/div>\n<\/div>\n<\/div>\n<\/div>\n\n\n\n<p><\/p>\n","protected":false},"excerpt":{"rendered":"<p>Cartofora : Cartographie historique des for\u00eats anciennes Cartofora est un projet port\u00e9 par le GIP Ecofor visant \u00e0 num\u00e9riser et vectoriser les minutes d&rsquo;\u00c9tat-Major du XIXe si\u00e8cle. Cette base de donn\u00e9es permet d&rsquo;identifier les for\u00eats anciennes de France pour mieux comprendre l&rsquo;\u00e9volution des paysages et pr\u00e9server la biodiversit\u00e9 actuelle.<\/p>\n","protected":false},"author":1,"featured_media":0,"parent":0,"menu_order":0,"comment_status":"closed","ping_status":"closed","template":"","meta":{"footnotes":""},"class_list":["post-250","page","type-page","status-publish","hentry"],"_links":{"self":[{"href":"http:\/\/www.gip-ecofor.org\/cartofora\/wp-json\/wp\/v2\/pages\/250","targetHints":{"allow":["GET"]}}],"collection":[{"href":"http:\/\/www.gip-ecofor.org\/cartofora\/wp-json\/wp\/v2\/pages"}],"about":[{"href":"http:\/\/www.gip-ecofor.org\/cartofora\/wp-json\/wp\/v2\/types\/page"}],"author":[{"embeddable":true,"href":"http:\/\/www.gip-ecofor.org\/cartofora\/wp-json\/wp\/v2\/users\/1"}],"replies":[{"embeddable":true,"href":"http:\/\/www.gip-ecofor.org\/cartofora\/wp-json\/wp\/v2\/comments?post=250"}],"version-history":[{"count":16,"href":"http:\/\/www.gip-ecofor.org\/cartofora\/wp-json\/wp\/v2\/pages\/250\/revisions"}],"predecessor-version":[{"id":382,"href":"http:\/\/www.gip-ecofor.org\/cartofora\/wp-json\/wp\/v2\/pages\/250\/revisions\/382"}],"wp:attachment":[{"href":"http:\/\/www.gip-ecofor.org\/cartofora\/wp-json\/wp\/v2\/media?parent=250"}],"curies":[{"name":"wp","href":"https:\/\/api.w.org\/{rel}","templated":true}]}}