{"id":263,"date":"2025-03-10T10:59:29","date_gmt":"2025-03-10T09:59:29","guid":{"rendered":"http:\/\/localhost:8888\/?page_id=263"},"modified":"2025-08-11T14:10:10","modified_gmt":"2025-08-11T12:10:10","slug":"liens-utiles","status":"publish","type":"page","link":"http:\/\/www.gip-ecofor.org\/cartofora\/liens-utiles\/","title":{"rendered":"Liens utiles"},"content":{"rendered":"\n<h1 class=\"wp-block-heading\">Liens utiles<\/h1>\n\n\n\n<ul class=\"wp-block-list\">\n<li><a href=\"https:\/\/revueforestierefrancaise.agroparistech.fr\/article\/view\/4993\">Dynamiques foresti\u00e8res \u00e0 l\u2019\u00e8re anthropoc\u00e8ne : Mise au point s\u00e9mantique et proposition de d\u00e9finitions \u00e9cologiques. RFF 73 (2021)<\/a><\/li>\n\n\n\n<li><a href=\"https:\/\/inventaire-forestier.ign.fr\/spip.php?article54\">IF consacr\u00e9 aux for\u00eats anciennes &#8211; Juillet 2018<\/a><\/li>\n\n\n\n<li><a href=\"http:\/\/meetingancientfore.wixsite.com\/intothewoods\">Conf\u00e9rence Into the Woods &#8211; Padua &#8211; Avril 2017<\/a><\/li>\n\n\n\n<li><a href=\"http:\/\/documents.irevues.inist.fr\/handle\/2042\/66506\">RFF Num\u00e9ro sp\u00e9cial \u00ab\u00a0for\u00eats anciennes\u00a0\u00bb &#8211; 2017<\/a><\/li>\n\n\n\n<li><a href=\"https:\/\/fr.wikipedia.org\/wiki\/Carte_d'%C3%89tat-Major\">Page Wikipedia sur les cartes d&rsquo;Etat Major<\/a><\/li>\n\n\n\n<li><a href=\"http:\/\/cassini.ehess.fr\/\">Site de l&rsquo;EHESS sur la carte de Cassini<\/a><\/li>\n\n\n\n<li><a href=\"https:\/\/remonterletemps.ign.fr\/\">Site IGN \u00ab&nbsp;Remonter le temps&nbsp;\u00bb pour la consultation et l\u00a0\u00bbimpression de donn\u00e9es anciennes et actuelles<\/a><\/li>\n\n\n\n<li><a href=\"http:\/\/www.foretsanciennes.fr\/\">Site WWF sur les \u00ab\u00a0for\u00eats anciennes \u00e0 haute valeur de conservation\u00a0\u00bb (focalis\u00e9 principalement sur les for\u00eats du bassin m\u00e9diterran\u00e9en)<\/a><\/li>\n\n\n\n<li><a href=\"http:\/\/www.naturalite2013.fr\/\">Colloque WWF (sept. 2013) sur la naturalit\u00e9<\/a><\/li>\n\n\n\n<li><a href=\"http:\/\/www.gip-ecofor.org\/?q=node\/726\">Colloque Ecofor sur la \u00ab\u00a0connaissance et cartographie des for\u00eats anciennes\u00a0\u00bb (dec. 2011)<\/a><\/li>\n<\/ul>\n","protected":false},"excerpt":{"rendered":"<p>Liens utiles<\/p>\n","protected":false},"author":1,"featured_media":0,"parent":0,"menu_order":0,"comment_status":"closed","ping_status":"closed","template":"","meta":{"footnotes":""},"class_list":["post-263","page","type-page","status-publish","hentry"],"_links":{"self":[{"href":"http:\/\/www.gip-ecofor.org\/cartofora\/wp-json\/wp\/v2\/pages\/263","targetHints":{"allow":["GET"]}}],"collection":[{"href":"http:\/\/www.gip-ecofor.org\/cartofora\/wp-json\/wp\/v2\/pages"}],"about":[{"href":"http:\/\/www.gip-ecofor.org\/cartofora\/wp-json\/wp\/v2\/types\/page"}],"author":[{"embeddable":true,"href":"http:\/\/www.gip-ecofor.org\/cartofora\/wp-json\/wp\/v2\/users\/1"}],"replies":[{"embeddable":true,"href":"http:\/\/www.gip-ecofor.org\/cartofora\/wp-json\/wp\/v2\/comments?post=263"}],"version-history":[{"count":7,"href":"http:\/\/www.gip-ecofor.org\/cartofora\/wp-json\/wp\/v2\/pages\/263\/revisions"}],"predecessor-version":[{"id":318,"href":"http:\/\/www.gip-ecofor.org\/cartofora\/wp-json\/wp\/v2\/pages\/263\/revisions\/318"}],"wp:attachment":[{"href":"http:\/\/www.gip-ecofor.org\/cartofora\/wp-json\/wp\/v2\/media?parent=263"}],"curies":[{"name":"wp","href":"https:\/\/api.w.org\/{rel}","templated":true}]}}