{"id":39,"date":"2025-03-07T20:28:31","date_gmt":"2025-03-07T19:28:31","guid":{"rendered":"http:\/\/localhost:8888\/?page_id=39"},"modified":"2026-04-28T14:39:11","modified_gmt":"2026-04-28T12:39:11","slug":"les-cartes-detat-major-fournies-par-lign","status":"publish","type":"page","link":"http:\/\/www.gip-ecofor.org\/cartofora\/les-cartes-detat-major-fournies-par-lign\/","title":{"rendered":"Les cartes d&rsquo;Etat Major fournies par l&rsquo;IGN"},"content":{"rendered":"\n<h1 class=\"wp-block-heading has-large-font-size\">Les minutes d&rsquo;\u00c9tat-Major et la cartographie foresti\u00e8re de l&rsquo;IGN<\/h1>\n\n\n\n<p>Le projet <strong>Cartofora<\/strong> s&rsquo;appuie sur les minutes originales de la <strong>carte d&rsquo;\u00c9tat-Major<\/strong> (lev\u00e9es entre 1825 et 1866) fournies par l&rsquo;<strong>IGN<\/strong>. Ces documents cartographiques sont essentiels pour attester de l&rsquo;anciennet\u00e9 de l&rsquo;\u00e9tat bois\u00e9 en France et constituent une source de donn\u00e9es g\u00e9ographiques de haute pr\u00e9cision pour la recherche foresti\u00e8re.<\/p>\n\n\n\n<h2 class=\"wp-block-heading\">Carte interactive des minutes d&rsquo;\u00c9tat-Major (Source IGN)<\/h2>\n\n\n\n<div style=\"display: flex; flex-direction: column; align-items: center; margin: 30px 0; width: 100%;\">\n        \n    <iframe loading=\"lazy\" \n        title=\"Carte interactive des minutes d'\u00c9tat-Major - Source IGN \/ Cartofora\"\n        width=\"100%\" \n        height=\"700\" \n        frameborder=\"0\" \n        scrolling=\"no\" \n        marginheight=\"0\" \n        marginwidth=\"0\"\n        style=\"border: 1px solid #ccc; border-radius: 8px; max-width: 1200px;\"\n        sandbox=\"allow-forms allow-scripts allow-same-origin\"\n        src=\"https:\/\/www.geoportail.gouv.fr\/embed\/visu.html?c=2.0638459604698207,47.37784046655253&#038;z=6&#038;l0=GEOGRAPHICALGRIDSYSTEMS.ETATMAJOR40::GEOPORTAIL:OGC:WMTS(1)&#038;permalink=yes\"\n        allowfullscreen>\n    <\/iframe>\n    \n    <p style=\"font-size: 0.9em; color: #666; margin-top: 10px; text-align: center; font-style: italic;\">\n        Utilisez la molette de votre souris pour zoomer et explorez les d\u00e9tails de l&rsquo;occupation du sol au XIXe si\u00e8cle.\n    <\/p>\n<\/div>\n\n\n\n<p><\/p>\n","protected":false},"excerpt":{"rendered":"<p>Les minutes d&rsquo;\u00c9tat-Major et la cartographie foresti\u00e8re de l&rsquo;IGN Le projet Cartofora s&rsquo;appuie sur les minutes originales de la carte d&rsquo;\u00c9tat-Major (lev\u00e9es entre 1825 et 1866) fournies par l&rsquo;IGN. Ces documents cartographiques sont essentiels pour attester de l&rsquo;anciennet\u00e9 de l&rsquo;\u00e9tat bois\u00e9 en France et constituent une source de donn\u00e9es g\u00e9ographiques de haute pr\u00e9cision pour la &hellip; <\/p>\n<p class=\"link-more\"><a href=\"http:\/\/www.gip-ecofor.org\/cartofora\/les-cartes-detat-major-fournies-par-lign\/\" class=\"more-link\">Lire la suite de<span class=\"screen-reader-text\">\u00ab\u00a0Les cartes d&rsquo;Etat Major fournies par l&rsquo;IGN\u00a0\u00bb<\/span><\/a><\/p>\n","protected":false},"author":1,"featured_media":0,"parent":0,"menu_order":0,"comment_status":"closed","ping_status":"closed","template":"","meta":{"footnotes":""},"class_list":["post-39","page","type-page","status-publish","hentry"],"_links":{"self":[{"href":"http:\/\/www.gip-ecofor.org\/cartofora\/wp-json\/wp\/v2\/pages\/39","targetHints":{"allow":["GET"]}}],"collection":[{"href":"http:\/\/www.gip-ecofor.org\/cartofora\/wp-json\/wp\/v2\/pages"}],"about":[{"href":"http:\/\/www.gip-ecofor.org\/cartofora\/wp-json\/wp\/v2\/types\/page"}],"author":[{"embeddable":true,"href":"http:\/\/www.gip-ecofor.org\/cartofora\/wp-json\/wp\/v2\/users\/1"}],"replies":[{"embeddable":true,"href":"http:\/\/www.gip-ecofor.org\/cartofora\/wp-json\/wp\/v2\/comments?post=39"}],"version-history":[{"count":14,"href":"http:\/\/www.gip-ecofor.org\/cartofora\/wp-json\/wp\/v2\/pages\/39\/revisions"}],"predecessor-version":[{"id":362,"href":"http:\/\/www.gip-ecofor.org\/cartofora\/wp-json\/wp\/v2\/pages\/39\/revisions\/362"}],"wp:attachment":[{"href":"http:\/\/www.gip-ecofor.org\/cartofora\/wp-json\/wp\/v2\/media?parent=39"}],"curies":[{"name":"wp","href":"https:\/\/api.w.org\/{rel}","templated":true}]}}