{"id":48,"date":"2025-03-07T21:04:39","date_gmt":"2025-03-07T20:04:39","guid":{"rendered":"http:\/\/localhost:8888\/?page_id=48"},"modified":"2026-04-28T14:41:19","modified_gmt":"2026-04-28T12:41:19","slug":"la-carte-de-cassini","status":"publish","type":"page","link":"http:\/\/www.gip-ecofor.org\/cartofora\/la-carte-de-cassini\/","title":{"rendered":"La carte de Cassini"},"content":{"rendered":"\n<h1 class=\"wp-block-heading has-large-font-size\">La carte de Cassini et l&rsquo;occupation ancienne des sols<\/h1>\n\n\n\n<p>La <strong>carte de Cassini<\/strong>, ou carte de l&rsquo;Acad\u00e9mie, constitue la premi\u00e8re cartographie g\u00e9n\u00e9rale et syst\u00e9matique du royaume de France. Dans le cadre du projet <strong>Cartofora<\/strong>, elle repr\u00e9sente une source historique fondamentale pour identifier l&rsquo;\u00e9tat bois\u00e9 au XVIIIe si\u00e8cle et analyser l&rsquo;\u00e9volution de l&rsquo;occupation ancienne des sols<\/p>\n\n\n\n<figure class=\"wp-block-image aligncenter size-full\"><img loading=\"lazy\" decoding=\"async\" width=\"745\" height=\"437\" src=\"http:\/\/localhost:8888\/wp-content\/uploads\/2025\/03\/cassini_couledoux.png\" alt=\"Extrait de la carte de Cassini - Occupation des sols historique\" class=\"wp-image-50\" srcset=\"http:\/\/www.gip-ecofor.org\/cartofora\/wp-content\/uploads\/2025\/03\/cassini_couledoux.png 745w, http:\/\/www.gip-ecofor.org\/cartofora\/wp-content\/uploads\/2025\/03\/cassini_couledoux-300x176.png 300w\" sizes=\"auto, (max-width: 745px) 100vw, 745px\" \/><\/figure>\n\n\n\n<h2 class=\"wp-block-heading\">Origine et m\u00e9thodologie de la carte de l&rsquo;Acad\u00e9mie<\/h2>\n\n\n\n<p>En 1747, Louis XV confie \u00e0 Cassini de Thury la r\u00e9alisation de la \u00ab Carte g\u00e9n\u00e9rale et particuli\u00e8re de la France \u00bb.<br>L\u2019objectif est alors d&rsquo;achever la mesure du Royaume et de d\u00e9terminer la position des innombrables bourgs, villes, lignes principales constitu\u00e9es par les rivi\u00e8res et par les grands chemins.&nbsp;<strong>Entre 1749 et 1790, 96% de la France actuelle mais aussi 1,8 millions d\u2019ha en position frontali\u00e8re ont ainsi \u00e9t\u00e9 cartographi\u00e9s au 1\/86400<\/strong>. Les for\u00eats y sont repr\u00e9sent\u00e9es sous diff\u00e9rents figur\u00e9s.<\/p>\n\n\n\n<h2 class=\"wp-block-heading\">Exploitation de la donn\u00e9e Cassini pour les for\u00eats anciennes<\/h2>\n\n\n\n<p>Utilis\u00e9e r\u00e9guli\u00e8rement par les forestiers pour avoir une id\u00e9e de l\u2019histoire d\u2019une r\u00e9gion foresti\u00e8re, cette carte est souvent consid\u00e9r\u00e9e comme la carte de r\u00e9f\u00e9rence pour la seconde moiti\u00e9 du 18\u00e8me si\u00e8cle \u00e0 petite \u00e9chelle car elle pr\u00e9sente l&rsquo;avantage d&rsquo;\u00eatre relev\u00e9e de fa\u00e7on homog\u00e8ne sur l&rsquo;ensemble du territoire fran\u00e7ais, hormis les r\u00e9gions ne faisant pas partie du territoire fran\u00e7ais \u00e0 l&rsquo;\u00e9poque (Corse et une partie des d\u00e9partements de Savoie, Haute-Savoie et Alpes-Maritimes). Lev\u00e9e par triangulation, elle pr\u00e9sente une relativement bonne pr\u00e9cision g\u00e9om\u00e9trique. Par contre, elle pr\u00e9sente quelques inconv\u00e9nients, notamment l&rsquo;assez faible pr\u00e9cision de l&rsquo;occupation du sol (lacune des petits bois, localisation non relev\u00e9e pr\u00e9cis\u00e9ment sur le terrain, dessin des contours impr\u00e9cis&#8230;). Malgr\u00e9 ces inconv\u00e9nients dont il faut tenir compte, elle permet, utilis\u00e9e \u00e0 petite \u00e9chelle (d\u00e9partementale, r\u00e9gionale) et sur les grands massifs, d&rsquo;avoir une information assez fiable sur l&rsquo;\u00e9tat du boisement au 18\u00e8me si\u00e8cle (Vallauri et al., 2012). Sur les parties du territoire fran\u00e7ais actuel repr\u00e9sent\u00e9es par la carte de Cassini (52,6 millions d\u2019ha), seuls 6,6 millions d\u2019ha sont des for\u00eats, soit un taux de boisement \u00e9gal \u00e0 12,6&nbsp;%. Ce rapport et le CD-Rom qui l\u2019accompagne, qui contient libre de droit les couches SIG redress\u00e9es \u00e0 l\u2019\u00e9chelle nationale, ne constituent qu\u2019un d\u00e9but des analyses de l\u2019anciennet\u00e9 des boisements de France et pr\u00e9sentent de nombreuses perspectives en termes scientifiques (histoire, sciences de la nature) ou de gestion et conservation des for\u00eats.<\/p>\n\n\n\n<p>Gr\u00e2ce au travail de Vallauri et al. (2012), dans le cadre d&rsquo;une collaboration entre l&rsquo;INRA, la F\u00e9d\u00e9ration des R\u00e9serves naturelles catalanes et le WWF, nous disposons, sous forme de couches SIG, d&rsquo;une cartographie nationale des for\u00eats de Cassini qui peut \u00eatre utilis\u00e9e dans diverses analyses, notamment les \u00e9tudes sur les usages anciens des sols.<\/p>\n\n\n\n<h2 class=\"wp-block-heading\">Acc\u00e9der aux donn\u00e9es et ressources compl\u00e9mentaires<\/h2>\n\n\n\n<p><strong>La carte de Cassini a \u00e9t\u00e9 scann\u00e9e, assembl\u00e9e et g\u00e9or\u00e9f\u00e9renc\u00e9e par l&rsquo;EHESS sur l&rsquo;ensemble du territoire m\u00e9tropolitain<\/strong>. Elle est consultable sur le site de<a href=\"http:\/\/cassini.ehess.fr\/fr\/html\/\" data-type=\"link\" data-id=\"http:\/\/cassini.ehess.fr\/fr\/html\/\" target=\"_blank\" rel=\"noreferrer noopener\">&nbsp;l&rsquo;EHESS<\/a>&nbsp;ou le <a href=\"https:\/\/www.geoportail.gouv.fr\/carte\" target=\"_blank\" rel=\"noreferrer noopener\">G\u00e9oportail de l&rsquo;IGN<\/a>.<\/p>\n\n\n\n<p>De plus, les contours des for\u00eats de la carte de Cassini ont \u00e9t\u00e9 vectoris\u00e9s par le WWF et l&rsquo;INRA. Cette information est distribu\u00e9e librement : t\u00e9l\u00e9chargez le rapport&nbsp;<a href=\"http:\/\/www.gip-ecofor.org\/cartofora\/wp-content\/uploads\/2025\/03\/Vallauri_et_al_Cassini_2012.pdf\" data-type=\"link\" data-id=\"http:\/\/www.gip-ecofor.org\/cartofora\/wp-content\/uploads\/2025\/03\/Vallauri_et_al_Cassini_2012.pdf\" target=\"_blank\" rel=\"noreferrer noopener\">\u00ab\u00a0Les For\u00eats de Cassini\u00a0\u00bb<\/a>.<\/p>\n","protected":false},"excerpt":{"rendered":"<p>La carte de Cassini et l&rsquo;occupation ancienne des sols La carte de Cassini, ou carte de l&rsquo;Acad\u00e9mie, constitue la premi\u00e8re cartographie g\u00e9n\u00e9rale et syst\u00e9matique du royaume de France. Dans le cadre du projet Cartofora, elle repr\u00e9sente une source historique fondamentale pour identifier l&rsquo;\u00e9tat bois\u00e9 au XVIIIe si\u00e8cle et analyser l&rsquo;\u00e9volution de l&rsquo;occupation ancienne des sols &hellip; <\/p>\n<p class=\"link-more\"><a href=\"http:\/\/www.gip-ecofor.org\/cartofora\/la-carte-de-cassini\/\" class=\"more-link\">Lire la suite de<span class=\"screen-reader-text\">\u00ab\u00a0La carte de Cassini\u00a0\u00bb<\/span><\/a><\/p>\n","protected":false},"author":1,"featured_media":0,"parent":0,"menu_order":0,"comment_status":"closed","ping_status":"closed","template":"","meta":{"footnotes":""},"class_list":["post-48","page","type-page","status-publish","hentry"],"_links":{"self":[{"href":"http:\/\/www.gip-ecofor.org\/cartofora\/wp-json\/wp\/v2\/pages\/48","targetHints":{"allow":["GET"]}}],"collection":[{"href":"http:\/\/www.gip-ecofor.org\/cartofora\/wp-json\/wp\/v2\/pages"}],"about":[{"href":"http:\/\/www.gip-ecofor.org\/cartofora\/wp-json\/wp\/v2\/types\/page"}],"author":[{"embeddable":true,"href":"http:\/\/www.gip-ecofor.org\/cartofora\/wp-json\/wp\/v2\/users\/1"}],"replies":[{"embeddable":true,"href":"http:\/\/www.gip-ecofor.org\/cartofora\/wp-json\/wp\/v2\/comments?post=48"}],"version-history":[{"count":10,"href":"http:\/\/www.gip-ecofor.org\/cartofora\/wp-json\/wp\/v2\/pages\/48\/revisions"}],"predecessor-version":[{"id":363,"href":"http:\/\/www.gip-ecofor.org\/cartofora\/wp-json\/wp\/v2\/pages\/48\/revisions\/363"}],"wp:attachment":[{"href":"http:\/\/www.gip-ecofor.org\/cartofora\/wp-json\/wp\/v2\/media?parent=48"}],"curies":[{"name":"wp","href":"https:\/\/api.w.org\/{rel}","templated":true}]}}