{"id":316,"date":"2024-06-05T17:19:03","date_gmt":"2024-06-05T15:19:03","guid":{"rendered":"http:\/\/www.gip-ecofor.org\/gerboise\/?page_id=316"},"modified":"2026-02-19T14:58:56","modified_gmt":"2026-02-19T13:58:56","slug":"bulletins-de-veille-du-projet-gold","status":"publish","type":"page","link":"http:\/\/www.gip-ecofor.org\/gerboise\/bulletins-de-veille-du-projet-gold\/","title":{"rendered":"Bulletin de veille du projet GOLD"},"content":{"rendered":"\n<p class=\"has-text-align-left\" style=\"font-size:18px\">Le projet GOLD a pour objectif l&rsquo;am\u00e9lioration des pratiques foresti\u00e8res pour pr\u00e9server les propri\u00e9t\u00e9s chimiques et physiques des sols forestiers.<\/p>\n\n\n\n<p class=\"has-text-align-left\" style=\"font-size:18px\">Le bulletin de veille du projet GOLD pr\u00e9sente aux lecteurs les actualit\u00e9s et avanc\u00e9es scientifiques et technologiques en lien avec les th\u00e9matiques du projet GOLD. Il a \u00e9t\u00e9 lanc\u00e9 en 2024, et est publi\u00e9 trimestriellement.<\/p>\n\n\n\n<p class=\"has-text-align-center has-text-color has-link-color wp-elements-be411685042f68e1cbf1bbf228dc7448\" style=\"color:#007e3a;font-size:21px\"><strong>Il est possible de s&rsquo;inscrire au bulletin de veille du projet GOLD en <a href=\"https:\/\/40f3282c.sibforms.com\/serve\/MUIFAKgpYGK1XRXOOqaXv6DAKhU71WdbVAvatAyWmGOHLKFZxVcxyFHbOMjkqHwY97mXwlCYsf5aNFiffafklLpFezdCRn9Z_0_KNmjDURI50eJ0EtM8ZWOzlNWmQPtNApRUVrcM6_WO7HbfGh3OB5u1ND1rqbSJVBN_CL6_m5pxcYC0-BzgKnudex3tGgZVj7PFRcRojX_4NI48\">cliquant ici<\/a>.<\/strong><\/p>\n\n\n\n<div data-wp-interactive=\"core\/file\" class=\"wp-block-file aligncenter\"><object data-wp-bind--hidden=\"!state.hasPdfPreview\" hidden class=\"wp-block-file__embed\" data=\"http:\/\/www.gip-ecofor.org\/gerboise\/wp-content\/uploads\/2026\/02\/Bulletin-de-veille-du-projet-GOLD-N\u00b07-fevrier-2026.pdf\" type=\"application\/pdf\" style=\"width:100%;height:800px\" aria-label=\"Contenu embarqu\u00e9 &lt;strong&gt;Bulletin-de-veille-du-projet-GOLD-N\u00b07-f\u00e9vrier-2026&lt;\/strong&gt;.\"><\/object><a id=\"wp-block-file--media-8afb4f27-bf7e-4c67-932e-f1ec3e8a0c01\" href=\"http:\/\/www.gip-ecofor.org\/gerboise\/wp-content\/uploads\/2026\/02\/Bulletin-de-veille-du-projet-GOLD-N\u00b07-fevrier-2026.pdf\" target=\"_blank\" rel=\"noreferrer noopener\"><strong>Bulletin-de-veille-du-projet-GOLD-N\u00b07-f\u00e9vrier-2026<\/strong><\/a><a href=\"http:\/\/www.gip-ecofor.org\/gerboise\/wp-content\/uploads\/2026\/02\/Bulletin-de-veille-du-projet-GOLD-N\u00b07-fevrier-2026.pdf\" class=\"wp-block-file__button wp-element-button\" download aria-describedby=\"wp-block-file--media-8afb4f27-bf7e-4c67-932e-f1ec3e8a0c01\">T\u00e9l\u00e9charger<\/a><\/div>\n\n\n\n<div data-wp-interactive=\"core\/file\" class=\"wp-block-file aligncenter\"><object data-wp-bind--hidden=\"!state.hasPdfPreview\" hidden class=\"wp-block-file__embed\" data=\"http:\/\/www.gip-ecofor.org\/gerboise\/wp-content\/uploads\/2025\/12\/Bulletin-de-veille-du-projet-GOLD-N\u00b06-decembre-2025.pdf\" type=\"application\/pdf\" style=\"width:100%;height:800px\" aria-label=\"Contenu embarqu\u00e9 &lt;strong&gt;Bulletin-de-veille-du-projet-GOLD-N\u00b06-d\u00e9cembre-2025&lt;\/strong&gt;.\"><\/object><a id=\"wp-block-file--media-d9030f47-6994-4919-93d7-ba962e698f04\" href=\"http:\/\/www.gip-ecofor.org\/gerboise\/wp-content\/uploads\/2025\/12\/Bulletin-de-veille-du-projet-GOLD-N\u00b06-decembre-2025.pdf\" target=\"_blank\" rel=\"noreferrer noopener\"><strong>Bulletin-de-veille-du-projet-GOLD-N\u00b06-d\u00e9cembre-2025<\/strong><\/a><a href=\"http:\/\/www.gip-ecofor.org\/gerboise\/wp-content\/uploads\/2025\/12\/Bulletin-de-veille-du-projet-GOLD-N\u00b06-decembre-2025.pdf\" class=\"wp-block-file__button wp-element-button\" download aria-describedby=\"wp-block-file--media-d9030f47-6994-4919-93d7-ba962e698f04\">T\u00e9l\u00e9charger<\/a><\/div>\n\n\n\n<div data-wp-interactive=\"core\/file\" class=\"wp-block-file aligncenter\"><object data-wp-bind--hidden=\"!state.hasPdfPreview\" hidden class=\"wp-block-file__embed\" data=\"http:\/\/www.gip-ecofor.org\/gerboise\/wp-content\/uploads\/2025\/09\/Bulletin-de-veille-du-projet-GOLD-N\u00b05-septembre-2025.pdf\" type=\"application\/pdf\" style=\"width:100%;height:800px\" aria-label=\"Contenu embarqu\u00e9 &lt;strong&gt;Bulletin-de-veille-du-projet-GOLD-N\u00b05-septembre-2025&lt;\/strong&gt;.\"><\/object><a id=\"wp-block-file--media-ab842a9b-41b3-42f6-9400-7a7fb73a00dd\" href=\"http:\/\/www.gip-ecofor.org\/gerboise\/wp-content\/uploads\/2025\/09\/Bulletin-de-veille-du-projet-GOLD-N\u00b05-septembre-2025.pdf\" target=\"_blank\" rel=\"noreferrer noopener\"><strong>Bulletin-de-veille-du-projet-GOLD-N\u00b05-septembre-2025<\/strong><\/a><a href=\"http:\/\/www.gip-ecofor.org\/gerboise\/wp-content\/uploads\/2025\/09\/Bulletin-de-veille-du-projet-GOLD-N\u00b05-septembre-2025.pdf\" class=\"wp-block-file__button wp-element-button\" download aria-describedby=\"wp-block-file--media-ab842a9b-41b3-42f6-9400-7a7fb73a00dd\">T\u00e9l\u00e9charger<\/a><\/div>\n\n\n\n<div data-wp-interactive=\"core\/file\" class=\"wp-block-file aligncenter\"><object data-wp-bind--hidden=\"!state.hasPdfPreview\" hidden class=\"wp-block-file__embed\" data=\"http:\/\/www.gip-ecofor.org\/gerboise\/wp-content\/uploads\/2025\/07\/Bulletin-de-veille-du-projet-GOLD-N\u00b04-juillet-2025.pdf\" type=\"application\/pdf\" style=\"width:100%;height:800px\" aria-label=\"Contenu embarqu\u00e9 &lt;strong&gt;Bulletin-de-veille-du-projet-GOLD-N\u00b04-juillet-2025&lt;\/strong&gt;.\"><\/object><a id=\"wp-block-file--media-3c41c590-efb9-45ff-8f37-e6bf11a68467\" href=\"http:\/\/www.gip-ecofor.org\/gerboise\/wp-content\/uploads\/2025\/07\/Bulletin-de-veille-du-projet-GOLD-N\u00b04-juillet-2025.pdf\" target=\"_blank\" rel=\"noreferrer noopener\"><strong>Bulletin-de-veille-du-projet-GOLD-N\u00b04-juillet-2025<\/strong><\/a><a href=\"http:\/\/www.gip-ecofor.org\/gerboise\/wp-content\/uploads\/2025\/07\/Bulletin-de-veille-du-projet-GOLD-N\u00b04-juillet-2025.pdf\" class=\"wp-block-file__button wp-element-button\" download aria-describedby=\"wp-block-file--media-3c41c590-efb9-45ff-8f37-e6bf11a68467\">T\u00e9l\u00e9charger<\/a><\/div>\n\n\n\n<div data-wp-interactive=\"core\/file\" class=\"wp-block-file aligncenter\"><object data-wp-bind--hidden=\"!state.hasPdfPreview\" hidden class=\"wp-block-file__embed\" data=\"http:\/\/www.gip-ecofor.org\/gerboise\/wp-content\/uploads\/2025\/03\/Bulletin-de-veille-du-projet-GOLD-N\u00b03-mars-2025.pdf\" type=\"application\/pdf\" style=\"width:100%;height:800px\" aria-label=\"Contenu embarqu\u00e9 &lt;strong&gt;Bulletin-de-veille-du-projet-GOLD-N\u00b03-mars-2025&lt;\/strong&gt;.\"><\/object><a id=\"wp-block-file--media-86487fc1-f8d0-402f-816d-57e17e0bb771\" href=\"http:\/\/www.gip-ecofor.org\/gerboise\/wp-content\/uploads\/2025\/03\/Bulletin-de-veille-du-projet-GOLD-N\u00b03-mars-2025.pdf\" target=\"_blank\" rel=\"noreferrer noopener\"><strong>Bulletin-de-veille-du-projet-GOLD-N\u00b03-mars-2025<\/strong><\/a><a href=\"http:\/\/www.gip-ecofor.org\/gerboise\/wp-content\/uploads\/2025\/03\/Bulletin-de-veille-du-projet-GOLD-N\u00b03-mars-2025.pdf\" class=\"wp-block-file__button wp-element-button\" download aria-describedby=\"wp-block-file--media-86487fc1-f8d0-402f-816d-57e17e0bb771\">T\u00e9l\u00e9charger<\/a><\/div>\n\n\n\n<div data-wp-interactive=\"core\/file\" class=\"wp-block-file aligncenter\"><object data-wp-bind--hidden=\"!state.hasPdfPreview\" hidden class=\"wp-block-file__embed\" data=\"http:\/\/www.gip-ecofor.org\/gerboise\/wp-content\/uploads\/2024\/09\/Bulletin-de-veille-du-projet-GOLD-N\u00b02-septembre-2024.pdf\" type=\"application\/pdf\" style=\"width:100%;height:800px\" aria-label=\"Contenu embarqu\u00e9 &lt;strong&gt;Bulletin-de-veille-du-projet-GOLD-N\u00b02-septembre-2024&lt;\/strong&gt;.\"><\/object><a id=\"wp-block-file--media-ba6cc1d0-7f94-4716-9937-4c93c2df6627\" href=\"http:\/\/www.gip-ecofor.org\/gerboise\/wp-content\/uploads\/2024\/09\/Bulletin-de-veille-du-projet-GOLD-N\u00b02-septembre-2024.pdf\" target=\"_blank\" rel=\"noreferrer noopener\"><strong>Bulletin-de-veille-du-projet-GOLD-N\u00b02-septembre-2024<\/strong><\/a><a href=\"http:\/\/www.gip-ecofor.org\/gerboise\/wp-content\/uploads\/2024\/09\/Bulletin-de-veille-du-projet-GOLD-N\u00b02-septembre-2024.pdf\" class=\"wp-block-file__button wp-element-button\" download aria-describedby=\"wp-block-file--media-ba6cc1d0-7f94-4716-9937-4c93c2df6627\">T\u00e9l\u00e9charger<\/a><\/div>\n\n\n\n<div data-wp-interactive=\"core\/file\" class=\"wp-block-file aligncenter\"><object data-wp-bind--hidden=\"!state.hasPdfPreview\" hidden class=\"wp-block-file__embed\" data=\"http:\/\/www.gip-ecofor.org\/gerboise\/wp-content\/uploads\/2024\/06\/Bulletin-de-veille-du-projet-GOLD-N\u00b01-juin-2024.pdf\" type=\"application\/pdf\" style=\"width:100%;height:800px\" aria-label=\"Contenu embarqu\u00e9 &lt;strong&gt;Bulletin-de-veille-du-projet-GOLD-N\u00b01-juin-2024&lt;\/strong&gt;.\"><\/object><a id=\"wp-block-file--media-7ffc9163-f7a4-4119-9b5b-277396ab515b\" href=\"http:\/\/www.gip-ecofor.org\/gerboise\/wp-content\/uploads\/2024\/06\/Bulletin-de-veille-du-projet-GOLD-N\u00b01-juin-2024.pdf\" target=\"_blank\" rel=\"noreferrer noopener\"><strong>Bulletin-de-veille-du-projet-GOLD-N\u00b01-juin-2024<\/strong><\/a><a href=\"http:\/\/www.gip-ecofor.org\/gerboise\/wp-content\/uploads\/2024\/06\/Bulletin-de-veille-du-projet-GOLD-N\u00b01-juin-2024.pdf\" class=\"wp-block-file__button wp-element-button\" download aria-describedby=\"wp-block-file--media-7ffc9163-f7a4-4119-9b5b-277396ab515b\">T\u00e9l\u00e9charger<\/a><\/div>\n","protected":false},"excerpt":{"rendered":"<p>Le projet GOLD a pour objectif l&rsquo;am\u00e9lioration des pratiques foresti\u00e8res pour pr\u00e9server les propri\u00e9t\u00e9s chimiques et physiques des sols forestiers. Le bulletin de veille du projet GOLD pr\u00e9sente aux lecteurs les actualit\u00e9s et avanc\u00e9es scientifiques et technologiques en lien avec les th\u00e9matiques du projet GOLD. Il a \u00e9t\u00e9 lanc\u00e9 en 2024, et est publi\u00e9 trimestriellement. &hellip; <\/p>\n<p class=\"link-more\"><a href=\"http:\/\/www.gip-ecofor.org\/gerboise\/bulletins-de-veille-du-projet-gold\/\" class=\"more-link\">Lire la suite de<span class=\"screen-reader-text\">\u00ab\u00a0Bulletin de veille du projet GOLD\u00a0\u00bb<\/span><\/a><\/p>\n","protected":false},"author":1,"featured_media":0,"parent":0,"menu_order":0,"comment_status":"closed","ping_status":"closed","template":"","meta":{"footnotes":""},"class_list":["post-316","page","type-page","status-publish","hentry"],"_links":{"self":[{"href":"http:\/\/www.gip-ecofor.org\/gerboise\/wp-json\/wp\/v2\/pages\/316","targetHints":{"allow":["GET"]}}],"collection":[{"href":"http:\/\/www.gip-ecofor.org\/gerboise\/wp-json\/wp\/v2\/pages"}],"about":[{"href":"http:\/\/www.gip-ecofor.org\/gerboise\/wp-json\/wp\/v2\/types\/page"}],"author":[{"embeddable":true,"href":"http:\/\/www.gip-ecofor.org\/gerboise\/wp-json\/wp\/v2\/users\/1"}],"replies":[{"embeddable":true,"href":"http:\/\/www.gip-ecofor.org\/gerboise\/wp-json\/wp\/v2\/comments?post=316"}],"version-history":[{"count":20,"href":"http:\/\/www.gip-ecofor.org\/gerboise\/wp-json\/wp\/v2\/pages\/316\/revisions"}],"predecessor-version":[{"id":896,"href":"http:\/\/www.gip-ecofor.org\/gerboise\/wp-json\/wp\/v2\/pages\/316\/revisions\/896"}],"wp:attachment":[{"href":"http:\/\/www.gip-ecofor.org\/gerboise\/wp-json\/wp\/v2\/media?parent=316"}],"curies":[{"name":"wp","href":"https:\/\/api.w.org\/{rel}","templated":true}]}}