{"id":431,"date":"2024-08-02T14:03:31","date_gmt":"2024-08-02T12:03:31","guid":{"rendered":"http:\/\/www.gip-ecofor.org\/gerboise\/?page_id=431"},"modified":"2024-10-02T15:39:09","modified_gmt":"2024-10-02T13:39:09","slug":"fertilite-et-integrite-chimique","status":"publish","type":"page","link":"http:\/\/www.gip-ecofor.org\/gerboise\/fertilite-et-integrite-chimique\/","title":{"rendered":"Fertilit\u00e9 des sols"},"content":{"rendered":"\n<figure class=\"wp-block-image alignfull size-full\"><img loading=\"lazy\" decoding=\"async\" width=\"1908\" height=\"291\" src=\"http:\/\/www.gip-ecofor.org\/gerboise\/wp-content\/uploads\/2024\/09\/Fertilite-des-sols-1.png\" alt=\"\" class=\"wp-image-648\"\/><\/figure>\n\n\n\n<p style=\"font-size:18px\">Le pr\u00e9l\u00e8vement accru de la biomasse foresti\u00e8re engendre un risque de perte de fertilit\u00e9 des sols forestiers. Cette rubrique explique le lien entre biomasse foresti\u00e8re et fertilit\u00e9 des sols et pr\u00e9sente des moyens de r\u00e9duire le risque de perte de fertilit\u00e9, en r\u00e9pondant \u00e0 trois questions :<\/p>\n\n\n\n<p id=\"I\" style=\"font-size:18px\"><strong><a href=\"#I\">I. En quoi le pr\u00e9l\u00e8vement de la biomasse foresti\u00e8re impacte-t-il la fertilit\u00e9 des sols ?<\/a><\/strong><\/p>\n\n\n\n<p style=\"font-size:18px\"><strong><a href=\"#II\">II. Comment savoir si un sol est sensible \u00e0 l&rsquo;exportation min\u00e9rale ?<\/a><\/strong><\/p>\n\n\n\n<p style=\"font-size:18px\"><strong><a href=\"#III\">III. Comment pr\u00e9server la fertilit\u00e9 des sols forestiers ?<\/a><\/strong><\/p>\n\n\n\n<p class=\"has-medium-font-size\"><strong>I.<\/strong> <strong>EN QUOI LE PRELEVEMENT DE LA BIOMASSE FORESTIERE IMPACTE-T-IL LA FERTILITE DES SOLS ?<\/strong><\/p>\n\n\n\n<p style=\"font-size:18px\">La r\u00e9colte accrue de biomasse pour la production de plaquettes foresti\u00e8res inclut les menus bois (branches de moins de 7 cm de diam\u00e8tre) voire une partie du feuillage et les souches. <strong>Or, ces compartiments sont riches en \u00e9l\u00e9ments nutritifs tels que le calcium (CA), le magn\u00e9sium (Mg), le potassium (K), le phosphore (P) et l&rsquo;azote (N).<\/strong> Lorsqu&rsquo;ils sont pr\u00e9lev\u00e9s en trop grandes quantit\u00e9s, ils ne pourront plus enrichir le sol de ces nutriments suite \u00e0 la d\u00e9composition. La fertilit\u00e9 du sol s&rsquo;en trouvera donc r\u00e9duite sur le long terme.<\/p>\n\n\n\n<p class=\"has-medium-font-size\"><strong><mark style=\"background-color:rgba(0, 0, 0, 0)\" class=\"has-inline-color has-vivid-green-cyan-color\">1.<\/mark><\/strong> <strong><mark style=\"background-color:rgba(0, 0, 0, 0)\" class=\"has-inline-color has-vivid-green-cyan-color\">Le feuillage<\/mark><\/strong><\/p>\n\n\n\n<p style=\"font-size:18px\"><strong>Le feuillage<\/strong> notamment, est beaucoup plus riche en nutriments que les autres parties de l\u2019arbre. <strong><mark style=\"background-color:rgba(0, 0, 0, 0)\" class=\"has-inline-color has-luminous-vivid-orange-color\">Une seule exportation du feuillage a des effets marqu\u00e9s et prolong\u00e9s sur la fertilit\u00e9 du sol et la production du peuplement, et ce pour plus de 15 ans.<\/mark><\/strong><br><\/p>\n\n\n\n<p style=\"font-size:18px\">Le sch\u00e9ma suivant illustre le cycle des nutriments pr\u00e9sents dans les feuilles des arbres. On peut y voir l&rsquo;importance de la d\u00e9composition du feuillage tomb\u00e9 au sol dans la nutrition et la croissance des arbres :<\/p>\n\n\n\n<figure class=\"wp-block-image size-full is-resized\"><img loading=\"lazy\" decoding=\"async\" width=\"2825\" height=\"2321\" src=\"http:\/\/www.gip-ecofor.org\/gerboise\/wp-content\/uploads\/2024\/08\/Perte-de-feuillage-et-cycle-des-nutriments-de-larbre-01.png\" alt=\"\" class=\"wp-image-479\" style=\"width:518px;height:auto\"\/><\/figure>\n\n\n\n<p class=\"has-text-align-left\" style=\"font-size:18px\">            <strong>Perte de feuillage et cycle des nutriments (Landmann et al., 2018)<\/strong><\/p>\n\n\n\n<p style=\"font-size:18px\">L&rsquo;exemple ci-dessous pr\u00e9sentant la richesse en phosphore des diff\u00e9rents compartiments du pin maritime montre que les aiguilles de l&rsquo;arbre sont beaucoup plus riches en phosphore que le bois :<\/p>\n\n\n\n<figure class=\"wp-block-image size-full is-resized\"><img loading=\"lazy\" decoding=\"async\" width=\"495\" height=\"270\" src=\"http:\/\/www.gip-ecofor.org\/gerboise\/wp-content\/uploads\/2024\/08\/Capture-decran_2-8-2024_162616_.jpeg\" alt=\"\" class=\"wp-image-457\" style=\"width:347px;height:auto\"\/><\/figure>\n\n\n\n<p class=\"has-text-align-left\" style=\"font-size:18px\"><strong>Richesse en nutriments des compartiments de l\u2019arbre<\/strong> (Landmann et al., 2018) :<\/p>\n\n\n\n<p class=\"has-medium-font-size\"><strong><mark style=\"background-color:rgba(0, 0, 0, 0)\" class=\"has-inline-color has-vivid-green-cyan-color\">2. Les menus bois<\/mark><\/strong><\/p>\n\n\n\n<p style=\"font-size:18px\"><strong>Les menus bois<\/strong> sont \u00e9galement riches en \u00e9l\u00e9ments min\u00e9raux, et ce d&rsquo;autant plus que leur diam\u00e8tre est petit. L&rsquo;exemple ci-dessous l&rsquo;illustre bien :<\/p>\n\n\n\n<figure class=\"wp-block-image size-full is-resized\"><img loading=\"lazy\" decoding=\"async\" width=\"517\" height=\"212\" src=\"http:\/\/www.gip-ecofor.org\/gerboise\/wp-content\/uploads\/2024\/08\/Capture-decran_2-8-2024_163632_.jpeg\" alt=\"\" class=\"wp-image-460\" style=\"width:388px;height:auto\"\/><\/figure>\n\n\n\n<p class=\"has-text-align-left\" style=\"font-size:18px\"><strong>Richesse en magn\u00e9sium du bois de ch\u00eane sessile en fonction du diam\u00e8tre des branches \/ tiges<\/strong><\/p>\n\n\n\n<p class=\"has-medium-font-size\"><strong><mark style=\"background-color:rgba(0, 0, 0, 0)\" class=\"has-inline-color has-vivid-green-cyan-color\">3. Les souches<\/mark><\/strong><\/p>\n\n\n\n<p style=\"font-size:18px\">Il en va de m\u00eame pour <strong>les racines<\/strong>, dont celles de petit diam\u00e8tre sont particuli\u00e8rement riches en nutriments. En outre, le d\u00e9ssouchage perturbe physiquement le sol et entraine la perte d&rsquo;une partie de ses nutriments.<\/p>\n\n\n\n<p style=\"font-size:18px\">La disponibilit\u00e9 des nutriments pour les arbres d\u00e9pend :<\/p>\n\n\n\n<ul class=\"wp-block-list\">\n<li style=\"font-size:18px\"><strong>des apports ext\u00e9rieurs<\/strong>, surtout par alt\u00e9ration des min\u00e9raux du sol et de la roche-m\u00e8re, et par d\u00e9p\u00f4ts atmosph\u00e9riques<\/li>\n\n\n\n<li style=\"font-size:18px\"><strong>de la capacit\u00e9 de recyclage biologique des nutriments<\/strong>, qui se fait d\u2019une part par la d\u00e9composition du feuillage tomb\u00e9 au sol et, d\u2019autre part, par le rapatriement des nutriments des feuilles vers le tronc, avant la s\u00e9nescence des feuilles.<\/li>\n<\/ul>\n\n\n\n<p style=\"font-size:18px\"><mark style=\"background-color:rgba(0, 0, 0, 0)\" class=\"has-inline-color has-black-color\">La sensibilit\u00e9 des sols \u00e0 l\u2019exportation min\u00e9rale (c&rsquo;est \u00e0 dire l&rsquo;exportation de ces compartiments de l&rsquo;arbre riches en \u00e9l\u00e9ments min\u00e9raux et nutritifs) est li\u00e9e \u00e0 l\u2019importance quantitative de ce recyclage.<\/mark><\/p>\n\n\n\n<p id=\"II\" style=\"font-size:18px\"><strong><mark style=\"background-color:rgba(0, 0, 0, 0)\" class=\"has-inline-color has-luminous-vivid-orange-color\">En France m\u00e9tropolitaine, un quart des sols forestiers sont tr\u00e8s sensibles \u00e0 l&rsquo;exportation min\u00e9rale.<\/mark><\/strong><\/p>\n\n\n\n<figure class=\"wp-block-image size-full is-resized\"><img loading=\"lazy\" decoding=\"async\" width=\"2945\" height=\"1404\" src=\"http:\/\/www.gip-ecofor.org\/gerboise\/wp-content\/uploads\/2024\/08\/Image2.png\" alt=\"\" class=\"wp-image-482\" style=\"width:662px;height:auto\"\/><\/figure>\n\n\n\n<p class=\"has-medium-font-size\"><strong>II.<\/strong> <strong>COMMENT SAVOIR SI UN SOL EST SENSIBLE A L&rsquo;EXPORTATION MINERALE ?<\/strong><\/p>\n\n\n\n<p style=\"font-size:18px\">Avant toute r\u00e9colte de menus bois ou de souches, il est important <strong>de r\u00e9aliser un diagnostique<\/strong>. Ce diagnostique porte sur la fertilit\u00e9 des sols, mais \u00e9galement sur le <a href=\"http:\/\/www.gip-ecofor.org\/gerboise\/tassement-et-erosion\/\" data-type=\"page\" data-id=\"433\">tassement et l&rsquo;\u00e9rosion<\/a>, la <a href=\"http:\/\/www.gip-ecofor.org\/gerboise\/biodiversite\/\" data-type=\"page\" data-id=\"435\">biodiversit\u00e9<\/a>, et les <a href=\"http:\/\/www.gip-ecofor.org\/gerboise\/cours-deau-et-zones-humides\/\" data-type=\"page\" data-id=\"437\">cours d&rsquo;eau et zones humides<\/a>.<\/p>\n\n\n\n<p style=\"font-size:18px\">A l&rsquo;issue du projet de recherche INSENSE, une m\u00e9thode a \u00e9t\u00e9 mise en place pour <strong>d\u00e9terminer la sensibilit\u00e9 des sols forestiers \u00e0 l&rsquo;exportation des \u00e9l\u00e9ments min\u00e9raux.<\/strong><\/p>\n\n\n\n<p style=\"font-size:18px\"><strong>Il s&rsquo;agit de comparer les concentrations du sol en \u00e9l\u00e9ments min\u00e9raux dans les couches sup\u00e9rieures du sol \u00e0 des seuils de sensibilit\u00e9.<\/strong> Les r\u00e9sultats sont valables toute la dur\u00e9e de vie du peuplement.<\/p>\n\n\n\n<p id=\"III\" style=\"font-size:18px\">Un guide de terrain \u00e9dit\u00e9 par l&rsquo;ADEME et pr\u00e9sentant le protocole d\u00e9taill\u00e9 de ce diagnostique est consultable <a href=\"https:\/\/librairie.ademe.fr\/produire-autrement\/4196-recolte-durable-de-bois-pour-la-production-de-plaquettes-forestieres.html\">ici<\/a>.<\/p>\n\n\n\n<figure class=\"wp-block-image size-full is-resized\"><a href=\"https:\/\/librairie.ademe.fr\/produire-autrement\/4196-recolte-durable-de-bois-pour-la-production-de-plaquettes-forestieres.html\"><img loading=\"lazy\" decoding=\"async\" width=\"494\" height=\"687\" src=\"http:\/\/www.gip-ecofor.org\/gerboise\/wp-content\/uploads\/2024\/10\/Capture-decran_2-10-2024_153555_.jpeg\" alt=\"\" class=\"wp-image-812\" style=\"width:250px;height:auto\"\/><\/a><\/figure>\n\n\n\n<p style=\"font-size:18px\">Les diagnostiques sont essentiels et r\u00e9alis\u00e9s de pr\u00e9f\u00e9rence par les <strong>gestionnaires<\/strong> ou les <strong>propri\u00e9taires forestiers<\/strong>. Le cas \u00e9ch\u00e9ant, les <strong>professionnels acheteurs de bois<\/strong> seront alors charg\u00e9s de r\u00e9aliser le diagnostique. <\/p>\n\n\n\n<p class=\"has-medium-font-size\"><strong>III. COMMENT PRESERVER LA FERTILITE DES SOLS FORESTIERS ?<\/strong><\/p>\n\n\n\n<p style=\"font-size:18px\">Trois recommandations cl\u00e9s ont \u00e9t\u00e9 \u00e9tablies pour la r\u00e9colte de menus bois et de souches :<\/p>\n\n\n\n<figure class=\"wp-block-image size-full is-resized\"><img loading=\"lazy\" decoding=\"async\" width=\"1735\" height=\"673\" src=\"http:\/\/www.gip-ecofor.org\/gerboise\/wp-content\/uploads\/2024\/08\/Image-3.png\" alt=\"\" class=\"wp-image-515\" style=\"width:726px;height:auto\"\/><\/figure>\n\n\n\n<p style=\"font-size:18px\">Ces recommandations sont d\u00e9taill\u00e9es <a href=\"http:\/\/www.gip-ecofor.org\/gerboise\/recommandations-specifiques-pour-la-recolte-de-menus-bois-et-des-souches\/\" data-type=\"page\" data-id=\"572\">ici<\/a>.<\/p>\n","protected":false},"excerpt":{"rendered":"<p>Le pr\u00e9l\u00e8vement accru de la biomasse foresti\u00e8re engendre un risque de perte de fertilit\u00e9 des sols forestiers. Cette rubrique explique le lien entre biomasse foresti\u00e8re et fertilit\u00e9 des sols et pr\u00e9sente des moyens de r\u00e9duire le risque de perte de fertilit\u00e9, en r\u00e9pondant \u00e0 trois questions : I. En quoi le pr\u00e9l\u00e8vement de la biomasse &hellip; <\/p>\n<p class=\"link-more\"><a href=\"http:\/\/www.gip-ecofor.org\/gerboise\/fertilite-et-integrite-chimique\/\" class=\"more-link\">Lire la suite de<span class=\"screen-reader-text\">\u00ab\u00a0Fertilit\u00e9 des sols\u00a0\u00bb<\/span><\/a><\/p>\n","protected":false},"author":1,"featured_media":0,"parent":0,"menu_order":0,"comment_status":"closed","ping_status":"closed","template":"","meta":{"footnotes":""},"class_list":["post-431","page","type-page","status-publish","hentry"],"_links":{"self":[{"href":"http:\/\/www.gip-ecofor.org\/gerboise\/wp-json\/wp\/v2\/pages\/431","targetHints":{"allow":["GET"]}}],"collection":[{"href":"http:\/\/www.gip-ecofor.org\/gerboise\/wp-json\/wp\/v2\/pages"}],"about":[{"href":"http:\/\/www.gip-ecofor.org\/gerboise\/wp-json\/wp\/v2\/types\/page"}],"author":[{"embeddable":true,"href":"http:\/\/www.gip-ecofor.org\/gerboise\/wp-json\/wp\/v2\/users\/1"}],"replies":[{"embeddable":true,"href":"http:\/\/www.gip-ecofor.org\/gerboise\/wp-json\/wp\/v2\/comments?post=431"}],"version-history":[{"count":55,"href":"http:\/\/www.gip-ecofor.org\/gerboise\/wp-json\/wp\/v2\/pages\/431\/revisions"}],"predecessor-version":[{"id":814,"href":"http:\/\/www.gip-ecofor.org\/gerboise\/wp-json\/wp\/v2\/pages\/431\/revisions\/814"}],"wp:attachment":[{"href":"http:\/\/www.gip-ecofor.org\/gerboise\/wp-json\/wp\/v2\/media?parent=431"}],"curies":[{"name":"wp","href":"https:\/\/api.w.org\/{rel}","templated":true}]}}