{"id":433,"date":"2024-08-02T14:04:03","date_gmt":"2024-08-02T12:04:03","guid":{"rendered":"http:\/\/www.gip-ecofor.org\/gerboise\/?page_id=433"},"modified":"2024-10-04T16:31:25","modified_gmt":"2024-10-04T14:31:25","slug":"tassement-et-erosion","status":"publish","type":"page","link":"http:\/\/www.gip-ecofor.org\/gerboise\/tassement-et-erosion\/","title":{"rendered":"Tassement et \u00e9rosion des sols"},"content":{"rendered":"\n<figure class=\"wp-block-image alignfull size-full\"><img loading=\"lazy\" decoding=\"async\" width=\"1908\" height=\"326\" src=\"http:\/\/www.gip-ecofor.org\/gerboise\/wp-content\/uploads\/2024\/09\/Tassement-et-erosion-des-sols-1.png\" alt=\"\" class=\"wp-image-652\"\/><\/figure>\n\n\n\n<p style=\"font-size:18px\">Le passage des engins m\u00e9caniques utilis\u00e9s dans la r\u00e9colte de biomasse foresti\u00e8re engendre un risque de tassement des sols forestiers. Ce tassement ainsi que le pr\u00e9l\u00e8vement accru de la biomasse foresti\u00e8re augmente le risque d&rsquo;\u00e9rosion des sols.<\/p>\n\n\n\n<p id=\"risques\" style=\"font-size:18px\"><strong><a href=\"#risques\">I. Quels sont les risques li\u00e9s au tassement et \u00e0 l&rsquo;\u00e9rosion des sols forestiers ?<\/a><\/strong><\/p>\n\n\n\n<p style=\"font-size:18px\"><strong><a href=\"#\u00e9valuation\">II. Comment \u00e9valuer les risques de tassement et d&rsquo;\u00e9rosion des sols ?<\/a><\/strong><\/p>\n\n\n\n<p style=\"font-size:18px\"><strong><a href=\"#mesures\">III. Quelles mesures pour r\u00e9duire ces risques ?<\/a><\/strong><\/p>\n\n\n\n<p class=\"has-medium-font-size\"><strong>I. QUELS SONT LES RISQUES LIES AU TASSEMENT ET A L&rsquo;EROSION DES SOLS FORESTIERS ?<\/strong><\/p>\n\n\n\n<p class=\"has-medium-font-size\"><strong><mark style=\"background-color:rgba(0, 0, 0, 0)\" class=\"has-inline-color has-vivid-green-cyan-color\">1. Le tassement des sols<\/mark><\/strong><\/p>\n\n\n\n<p style=\"font-size:18px\">Le tassement des sols peut se produire d\u00e8s les premiers passages des engins : <strong>80 \u00e0 90% du tassement des horizons de surface du sol a lieu entre le premier et le troisi\u00e8me passage.<\/strong><\/p>\n\n\n\n<p style=\"font-size:18px\">Ce tassement diminue la porosit\u00e9 du sol, r\u00e9duisant ainsi la circulation de l&rsquo;eau et de l&rsquo;air. Or, la biodiversit\u00e9 pr\u00e9sente dans le sol d\u00e9pend fortement de son a\u00e9ration et son humidit\u00e9. L&rsquo;activit\u00e9 biologique d&rsquo;une partie de cette biodiversit\u00e9 contribue \u00e0 la fertilit\u00e9 des sols. La baisse de l&rsquo;activit\u00e9 biologique du sol caus\u00e9e par des conditions environnementales moins favorables \u00e0 cette biodiversit\u00e9 entraine donc \u00e9galement une baisse de leur fertilit\u00e9.<\/p>\n\n\n<div class=\"wp-block-image\">\n<figure class=\"aligncenter size-full is-resized\"><img loading=\"lazy\" decoding=\"async\" width=\"1516\" height=\"1051\" src=\"http:\/\/www.gip-ecofor.org\/gerboise\/wp-content\/uploads\/2024\/08\/Tassement-des-sols.png\" alt=\"\" class=\"wp-image-610\" style=\"width:670px;height:auto\"\/><\/figure>\n<\/div>\n\n\n<p style=\"font-size:18px\">De plus, les racines p\u00e9n\u00e8trent plus difficilement dans les sols tass\u00e9s, ce qui impacte la nutrition et la croissance des arbres.<\/p>\n\n\n\n<p style=\"font-size:18px\">Les d\u00e9g\u00e2ts occasionn\u00e9s par le tassement des sols sont peu r\u00e9versibles, et le temps n\u00e9cessaire pour retrouver des conditions propices \u00e0 la v\u00e9g\u00e9tation est tr\u00e8s long (&gt; 10 ans).<\/p>\n\n\n\n<p style=\"font-size:18px\">Les sols ont des sensibilit\u00e9s au tassement tr\u00e8s vari\u00e9es, en fonction de divers facteurs : charge en cailloux, texture, structure, densit\u00e9 des racines, h\u00e9t\u00e9rog\u00e9n\u00e9it\u00e9 des horizons, etc. <strong>Un sol est d\u2019autant plus sensible au tassement qu\u2019il est humide.<\/strong><\/p>\n\n\n<div class=\"wp-block-image\">\n<figure class=\"aligncenter size-full is-resized\"><img loading=\"lazy\" decoding=\"async\" width=\"1806\" height=\"720\" src=\"http:\/\/www.gip-ecofor.org\/gerboise\/wp-content\/uploads\/2024\/08\/Tableau-sensibilite-tassement-sols.png\" alt=\"\" class=\"wp-image-537\" style=\"width:721px;height:auto\"\/><\/figure>\n<\/div>\n\n\n<p class=\"has-medium-font-size\"><strong><mark style=\"background-color:rgba(0, 0, 0, 0)\" class=\"has-inline-color has-vivid-green-cyan-color\">2. L&rsquo;\u00e9rosion des sols<\/mark><\/strong><\/p>\n\n\n\n<p style=\"font-size:18px\">L&rsquo;\u00e9rosion des sols en for\u00eat entraine la d\u00e9gradation puis le d\u00e9placement des couches superficielles du sol. En m\u00e9tropole, elle est principalement caus\u00e9e par les pr\u00e9cipitations et le ruissellement des eaux de pluie.<\/p>\n\n\n<div class=\"wp-block-image\">\n<figure class=\"aligncenter size-full is-resized\"><img loading=\"lazy\" decoding=\"async\" width=\"966\" height=\"940\" src=\"http:\/\/www.gip-ecofor.org\/gerboise\/wp-content\/uploads\/2024\/08\/Erosion.png\" alt=\"\" class=\"wp-image-608\" style=\"width:546px;height:auto\"\/><\/figure>\n<\/div>\n\n\n<p style=\"font-size:18px\">La perte des couches superficielles riches en nutriments diminue la fertilit\u00e9 des sols.<\/p>\n\n\n\n<p style=\"font-size:18px\">La vuln\u00e9rabilit\u00e9 des sols \u00e0 l\u2019\u00e9rosion est variable en fonction de leur texture, de leur teneur en mati\u00e8re<br>organique, de leur structure et de leur teneur en \u00e9l\u00e9ments grossiers pouvant freiner les flux d\u2019eau.<\/p>\n\n\n\n<p style=\"font-size:18px\"><strong>Le risque d&rsquo;\u00e9rosion des sols est pr\u00e9sent \u00e0 partir d&rsquo;un seuil approximatif de 25% de pente.<\/strong> Un quart des for\u00eats m\u00e9tropolitaines sont situ\u00e9es sur des pentes sup\u00e9rieures \u00e0 25% :<\/p>\n\n\n<div class=\"wp-block-image\">\n<figure class=\"aligncenter size-full is-resized\" id=\"\u00e9valuation\"><img loading=\"lazy\" decoding=\"async\" width=\"1884\" height=\"368\" src=\"http:\/\/www.gip-ecofor.org\/gerboise\/wp-content\/uploads\/2024\/08\/Risque-erosion-sols-forets-degre-inclinaison-pente.png\" alt=\"\" class=\"wp-image-543\" style=\"width:770px;height:auto\"\/><\/figure>\n<\/div>\n\n\n<p style=\"font-size:18px\"><strong>Le tassement des sols engendr\u00e9 par le passage des engins forestiers et la mise \u00e0 nu des sols suite aux coupes rases ou aux pr\u00e9l\u00e8vements importants de r\u00e9sidus de bois aggravent le ph\u00e9nom\u00e8ne d&rsquo;\u00e9rosion dans les zones en pente.<\/strong><\/p>\n\n\n\n<p class=\"has-medium-font-size\"><strong>II. COMMENT EVALUER LES RISQUES DE TASSEMENT ET D&rsquo;EROSION DES SOLS ?<\/strong><\/p>\n\n\n\n<p class=\"has-medium-font-size\"><strong><mark style=\"background-color:rgba(0, 0, 0, 0)\" class=\"has-inline-color has-vivid-green-cyan-color\">1.<\/mark><\/strong> <strong><mark style=\"background-color:rgba(0, 0, 0, 0)\" class=\"has-inline-color has-vivid-green-cyan-color\">Evaluer les risques de tassement des sols :<\/mark><\/strong><\/p>\n\n\n\n<p style=\"font-size:18px\">La sensibilit\u00e9 des sols au tassement est \u00e9valu\u00e9e en fonction de deux param\u00e8tres :<\/p>\n\n\n\n<ul class=\"wp-block-list\">\n<li style=\"font-size:18px\"><strong>la texture et le pourcentage d\u2019\u00e9l\u00e9ments grossiers dans le sol<\/strong><\/li>\n\n\n\n<li style=\"font-size:18px\"><strong>Le taux moyen d&rsquo;humidit\u00e9<\/strong><\/li>\n<\/ul>\n\n\n\n<p style=\"font-size:18px\">Ce diagnostique est r\u00e9alis\u00e9 sur les 50 premiers centim\u00e8tres du sol, les propri\u00e9t\u00e9s et l&rsquo;humidit\u00e9 du sol variant avec la profondeur. Le taux d&rsquo;humidit\u00e9 \u00e9volue dans le temps et doit donc \u00eatre \u00e9valuer au moment de la coupe.<\/p>\n\n\n\n<p style=\"font-size:18px\">Les m\u00e9thodes pour mesurer ces deux variables sont d\u00e9taill\u00e9s dans le guide PROSOL.<\/p>\n\n\n\n<p class=\"has-medium-font-size\"><strong><mark style=\"background-color:rgba(0, 0, 0, 0)\" class=\"has-inline-color has-vivid-green-cyan-color\">2. Evaluer les risques d&rsquo;\u00e9rosion :<\/mark><\/strong><\/p>\n\n\n\n<p style=\"font-size:18px\">La sensibilit\u00e9 des sols \u00e0 l&rsquo;\u00e9rosion est \u00e9valu\u00e9e en fonction de deux facteurs principaux :<\/p>\n\n\n\n<ul class=\"wp-block-list\">\n<li style=\"font-size:18px\"><strong>La pente<\/strong><\/li>\n\n\n\n<li style=\"font-size:18px\"><strong>Le taux de couverture v\u00e9g\u00e9tale foresti\u00e8re<\/strong><\/li>\n<\/ul>\n\n\n\n<p style=\"font-size:18px\">La <strong>cl\u00e9 de diagnostic de sensibilit\u00e9 des sols en pente<\/strong> \u00e9tablie dans le cadre du projet INSENSE montre l\u2019incidence de ces facteurs :<\/p>\n\n\n<div class=\"wp-block-image\">\n<figure class=\"aligncenter size-full is-resized\"><img loading=\"lazy\" decoding=\"async\" width=\"1731\" height=\"998\" src=\"http:\/\/www.gip-ecofor.org\/gerboise\/wp-content\/uploads\/2024\/08\/Cle-de-diagnostique-de-sensibilite-des-sols-en-pente.png\" alt=\"\" class=\"wp-image-551\" style=\"width:679px;height:auto\"\/><\/figure>\n<\/div>\n\n\n<p id=\"mesures\" style=\"font-size:18px\">Selon le r\u00e9sultat du diagnostic, des pr\u00e9cautions seront n\u00e9cessaires pour limiter la perte de sol au<br>niveau du chantier et pour pr\u00e9server les cours d\u2019eau.<\/p>\n\n\n\n<p class=\"has-medium-font-size\"><strong>III. QUELLES MESURES POUR REDUIRE CES RISQUES ?<\/strong><\/p>\n\n\n\n<p style=\"font-size:18px\">Des pr\u00e9cautions et mesures peuvent \u00eatre mises en place afin de limiter les risques de tassement et d&rsquo;\u00e9rosion des sols lors des r\u00e9coltes foresti\u00e8res :<\/p>\n\n\n\n<ul class=\"wp-block-list\">\n<li style=\"font-size:18px\"><strong>Choisir attentivement l\u2019entreprise et son mat\u00e9riel de r\u00e9colte<\/strong> : le mat\u00e9riel doit \u00eatre adapt\u00e9 \u00e0 la sensibilit\u00e9 diagnostiqu\u00e9e des sols<\/li>\n\n\n\n<li style=\"font-size:18px\"><strong>Mettre en place un r\u00e9seau de cloisonnement<\/strong><\/li>\n\n\n\n<li style=\"font-size:18px\"><strong>Eviter l&rsquo;utilisation d&rsquo;engins lourds dans les zones les plus sensibles<\/strong><\/li>\n\n\n\n<li style=\"font-size:18px\"><strong>Disposer des menus bois sur les cloisonnements<\/strong> : ces bois serviront de \u00ab\u00a0coussins de protection\u00a0\u00bb lors du passage des engins forestiers et diminueront le tassement et l&rsquo;orni\u00e9rage des sols.<\/li>\n\n\n\n<li style=\"font-size:18px\"><strong>Ne mettre en route le chantier que si la portance des sols est suffisante<\/strong> : estim\u00e9e gr\u00e2ce aux diagnostiques de sensibilit\u00e9 des sols aux risques de tassement et d&rsquo;\u00e9rosion. Les parcelles sensibles sont \u00e0 exploiter en priorit\u00e9 lorsque le sol est sec ou gel\u00e9.<\/li>\n\n\n\n<li style=\"font-size:18px\"><strong>Adapter les d\u00e9lais d\u2019exploitation et de r\u00e9alisation<\/strong> : l&rsquo;abattage et le d\u00e9bardage des arbres doivent se faire hors des p\u00e9riodes de sensibilit\u00e9 des sols, au risque de tassement. <\/li>\n\n\n\n<li style=\"font-size:18px\"><strong>Pr\u00e9voir une proc\u00e9dure d\u2019interruption en cas d\u2019orni\u00e9rage<\/strong><\/li>\n\n\n\n<li style=\"font-size:18px\"><strong>Limiter le plus possible la surface des coupes rases dans les zones en pente et la r\u00e9colte des r\u00e9manents<\/strong><\/li>\n<\/ul>\n","protected":false},"excerpt":{"rendered":"<p>Le passage des engins m\u00e9caniques utilis\u00e9s dans la r\u00e9colte de biomasse foresti\u00e8re engendre un risque de tassement des sols forestiers. Ce tassement ainsi que le pr\u00e9l\u00e8vement accru de la biomasse foresti\u00e8re augmente le risque d&rsquo;\u00e9rosion des sols. I. Quels sont les risques li\u00e9s au tassement et \u00e0 l&rsquo;\u00e9rosion des sols forestiers ? II. Comment \u00e9valuer &hellip; <\/p>\n<p class=\"link-more\"><a href=\"http:\/\/www.gip-ecofor.org\/gerboise\/tassement-et-erosion\/\" class=\"more-link\">Lire la suite de<span class=\"screen-reader-text\">\u00ab\u00a0Tassement et \u00e9rosion des sols\u00a0\u00bb<\/span><\/a><\/p>\n","protected":false},"author":1,"featured_media":0,"parent":0,"menu_order":0,"comment_status":"closed","ping_status":"closed","template":"","meta":{"footnotes":""},"class_list":["post-433","page","type-page","status-publish","hentry"],"_links":{"self":[{"href":"http:\/\/www.gip-ecofor.org\/gerboise\/wp-json\/wp\/v2\/pages\/433","targetHints":{"allow":["GET"]}}],"collection":[{"href":"http:\/\/www.gip-ecofor.org\/gerboise\/wp-json\/wp\/v2\/pages"}],"about":[{"href":"http:\/\/www.gip-ecofor.org\/gerboise\/wp-json\/wp\/v2\/types\/page"}],"author":[{"embeddable":true,"href":"http:\/\/www.gip-ecofor.org\/gerboise\/wp-json\/wp\/v2\/users\/1"}],"replies":[{"embeddable":true,"href":"http:\/\/www.gip-ecofor.org\/gerboise\/wp-json\/wp\/v2\/comments?post=433"}],"version-history":[{"count":40,"href":"http:\/\/www.gip-ecofor.org\/gerboise\/wp-json\/wp\/v2\/pages\/433\/revisions"}],"predecessor-version":[{"id":829,"href":"http:\/\/www.gip-ecofor.org\/gerboise\/wp-json\/wp\/v2\/pages\/433\/revisions\/829"}],"wp:attachment":[{"href":"http:\/\/www.gip-ecofor.org\/gerboise\/wp-json\/wp\/v2\/media?parent=433"}],"curies":[{"name":"wp","href":"https:\/\/api.w.org\/{rel}","templated":true}]}}