{"id":435,"date":"2024-08-02T14:04:23","date_gmt":"2024-08-02T12:04:23","guid":{"rendered":"http:\/\/www.gip-ecofor.org\/gerboise\/?page_id=435"},"modified":"2025-08-29T14:23:50","modified_gmt":"2025-08-29T12:23:50","slug":"biodiversite","status":"publish","type":"page","link":"http:\/\/www.gip-ecofor.org\/gerboise\/biodiversite\/","title":{"rendered":"Biodiversit\u00e9"},"content":{"rendered":"\n<figure class=\"wp-block-image alignfull size-full\"><img loading=\"lazy\" decoding=\"async\" width=\"1924\" height=\"313\" src=\"http:\/\/www.gip-ecofor.org\/gerboise\/wp-content\/uploads\/2024\/09\/Biodiversite-forestiere-02-1.png\" alt=\"\" class=\"wp-image-650\"\/><\/figure>\n\n\n\n<p style=\"font-size:18px\">Les for\u00eats h\u00e9bergent une grande diversit\u00e9 de formes de vie qui constituent la biodiversit\u00e9 foresti\u00e8re. Cette biodiversit\u00e9 repr\u00e9sente un patrimoine inestimable, fournit de nombreux services \u00e9cosyst\u00e9miques et contribue au bon fonctionnement des \u00e9cosyst\u00e8mes forestiers.<\/p>\n\n\n\n<p style=\"font-size:18px\"><strong><a href=\"#importance-biodiversit\u00e9\">I. Quelle est l&rsquo;importance de la biodiversit\u00e9 pour les \u00e9cosyst\u00e8mes forestiers ?<\/a><\/strong><\/p>\n\n\n\n<p id=\"importance-biodiversit\u00e9\" style=\"font-size:18px\"><strong><a href=\"#impacts-biodiversit\u00e9\">II. Quels sont les impacts du pr\u00e9l\u00e8vement de la biomasse foresti\u00e8re sur la biodiversit\u00e9 ?<\/a><\/strong><\/p>\n\n\n\n<p style=\"font-size:18px\"><strong><a href=\"#recommandations-biodiversit\u00e9\">III. Quelles recommandations pour pr\u00e9server la biodiversit\u00e9 ?<\/a><\/strong><\/p>\n\n\n\n<p class=\"has-medium-font-size\"><strong><mark style=\"background-color:#ffffff\" class=\"has-inline-color has-black-color\">I. QUELLE EST L&rsquo;IMPORTANCE DE LA BIODIVERSITE POUR LES ECOSYSTEMES FORESTIERS ?<\/mark><\/strong><\/p>\n\n\n\n<p style=\"font-size:18px\">Les esp\u00e8ces qui composent la biodiversit\u00e9 foresti\u00e8re contribuent \u00e0 la r\u00e9silience et \u00e0 la productivit\u00e9 des for\u00eats de plusieurs mani\u00e8res diff\u00e9rentes.<\/p>\n\n\n\n<figure class=\"wp-block-image alignwide size-full\"><img loading=\"lazy\" decoding=\"async\" width=\"1816\" height=\"1020\" src=\"http:\/\/www.gip-ecofor.org\/gerboise\/wp-content\/uploads\/2024\/08\/Foret.png\" alt=\"\" class=\"wp-image-583\"\/><\/figure>\n\n\n\n<ul class=\"wp-block-list\">\n<li style=\"font-size:18px\">Les nombreux micro-organismes pr\u00e9sents dans le sol (bact\u00e9ries et champignons) participent \u00e0 la <strong>d\u00e9composition des v\u00e9g\u00e9taux et au recyclage de la mati\u00e8re organique et des \u00e9l\u00e9ments nutritifs du sol<\/strong>. Ils sont donc indispensable au maintien de la fertilit\u00e9 des sols forestiers.<\/li>\n<\/ul>\n\n\n\n<figure class=\"wp-block-image size-full is-resized\"><img loading=\"lazy\" decoding=\"async\" width=\"1578\" height=\"599\" src=\"http:\/\/www.gip-ecofor.org\/gerboise\/wp-content\/uploads\/2024\/08\/Image-1.png\" alt=\"\" class=\"wp-image-586\" style=\"width:334px;height:auto\"\/><\/figure>\n\n\n\n<ul class=\"wp-block-list\">\n<li style=\"font-size:18px\">D&rsquo;autres organismes vont modifier la structure du sol et permettre ainsi son <strong>a\u00e9ration, la distribution de la mati\u00e8re organique et la circulation de l&rsquo;eau<\/strong>. C&rsquo;est le cas des vers de terre et des fourmis.<\/li>\n<\/ul>\n\n\n\n<figure class=\"wp-block-image size-full is-resized\"><img loading=\"lazy\" decoding=\"async\" width=\"627\" height=\"598\" src=\"http:\/\/www.gip-ecofor.org\/gerboise\/wp-content\/uploads\/2024\/08\/Detritivores.png\" alt=\"\" class=\"wp-image-585\" style=\"width:131px;height:auto\"\/><\/figure>\n\n\n\n<ul class=\"wp-block-list\">\n<li style=\"font-size:18px\">Certaines esp\u00e8ces ont un r\u00f4le de <strong>protection naturelle contre les pathog\u00e8nes<\/strong>, et d&rsquo;autres <strong>r\u00e9gulent les populations<\/strong>.<\/li>\n<\/ul>\n\n\n\n<ul class=\"wp-block-list\">\n<li style=\"font-size:18px\">Les insectes pollinisateurs, les oiseaux et certains mammif\u00e8res participent \u00e0 la reproduction des essences foresti\u00e8res par <strong>la pollinisation ou la dispersion des graines<\/strong>.<\/li>\n<\/ul>\n\n\n\n<figure class=\"wp-block-image size-full is-resized\" id=\"impacts-biodiversit\u00e9\"><img loading=\"lazy\" decoding=\"async\" width=\"1689\" height=\"460\" src=\"http:\/\/www.gip-ecofor.org\/gerboise\/wp-content\/uploads\/2024\/08\/Image-2.png\" alt=\"\" class=\"wp-image-587\" style=\"width:465px;height:auto\"\/><\/figure>\n\n\n\n<p class=\"has-medium-font-size\"><strong><mark style=\"background-color:rgba(0, 0, 0, 0)\" class=\"has-inline-color has-black-color\">II. QUELS SONT LES IMPACTS DU PRELEVEMENT DE LA BIOMASSE FORESTIERE SUR LA BIODIVERSITE ?<\/mark><\/strong><\/p>\n\n\n\n<p style=\"font-size:18px\">Le pr\u00e9l\u00e8vement accru de la biomasse foresti\u00e8re peut ammener \u00e0 mobiliser des compartiments jusqu&rsquo;alors peu exploit\u00e9s tels que les menus bois ou les souches. Retirer une quantit\u00e9 trop importante de ces \u00e9l\u00e9ments peut affecter la biodiversit\u00e9 de l&rsquo;\u00e9cosyst\u00e8me, et donc son fonctionnement. En effet, de nombreuses esp\u00e8ces d\u00e9pendent de cette biomasse foresti\u00e8re.<\/p>\n\n\n\n<p class=\"has-medium-font-size\"><mark style=\"background-color:rgba(0, 0, 0, 0)\" class=\"has-inline-color has-vivid-green-cyan-color\"><strong>1<\/strong>. <strong>Les menus bois et les gros bois<\/strong><\/mark><\/p>\n\n\n\n<figure class=\"wp-block-image size-full is-resized\"><img loading=\"lazy\" decoding=\"async\" width=\"685\" height=\"683\" src=\"http:\/\/www.gip-ecofor.org\/gerboise\/wp-content\/uploads\/2024\/08\/Branches-1.png\" alt=\"\" class=\"wp-image-591\" style=\"width:131px;height:auto\"\/><\/figure>\n\n\n\n<p style=\"font-size:18px\">Plus de 25 % des esp\u00e8ces pr\u00e9sentes en for\u00eat d\u00e9pendent du bois mort pour tout ou partie de leur cycle de vie. Ce sont les <strong>esp\u00e8ces saproxyliques<\/strong>.<\/p>\n\n\n\n<figure class=\"wp-block-image alignwide size-full\"><img loading=\"lazy\" decoding=\"async\" width=\"1978\" height=\"704\" src=\"http:\/\/www.gip-ecofor.org\/gerboise\/wp-content\/uploads\/2024\/10\/Saproxyliques-3-2.png\" alt=\"\" class=\"wp-image-824\"\/><\/figure>\n\n\n\n<p style=\"font-size:18px\"><strong>La diversit\u00e9 des esp\u00e8ces saproxyliques requiert une grande vari\u00e9t\u00e9 de bois mort<\/strong> : menus bois ou gros bois, bois au sol ou debout, bois de diff\u00e9rentes essences foresti\u00e8res et \u00e0 diff\u00e9rents stades de d\u00e9composition.<\/p>\n\n\n\n<p style=\"font-size:18px\">Les communaut\u00e9s d&rsquo;esp\u00e8ces ne sont pas les m\u00eames d&rsquo;un type de bois mort \u00e0 un autre. Par exemple, les menus bois abritent une grande partie des communaut\u00e9s d&rsquo;insectes saproxyliques, tandis que les gros bois morts au sol se d\u00e9composent lentement et fournissent un habitat durable \u00e0 des esp\u00e8ces rares de mousses et d&rsquo;insectes. Ils ne peuvent donc pas se substituer les uns aux autres.<\/p>\n\n\n\n<p style=\"font-size:18px\">Le bois mort ou vivant pr\u00e9sent au sol sert de refuge \u00e0 de nombreux micro-organismes, insectes, reptiles, amphibiens et petits mammif\u00e8res. Il favorise \u00e9galement la pr\u00e9sence des esp\u00e8ces impliqu\u00e9es dans le recyclage de la mati\u00e8re organique, et donc la fertilit\u00e9 des sols.<\/p>\n\n\n\n<p class=\"has-medium-font-size\"><mark style=\"background-color:rgba(0, 0, 0, 0)\" class=\"has-inline-color has-vivid-green-cyan-color\"><strong>2<\/strong>. <strong>Les souches<\/strong><\/mark><\/p>\n\n\n\n<figure class=\"wp-block-image size-full is-resized\"><img loading=\"lazy\" decoding=\"async\" width=\"684\" height=\"683\" src=\"http:\/\/www.gip-ecofor.org\/gerboise\/wp-content\/uploads\/2024\/08\/Souche-1.png\" alt=\"\" class=\"wp-image-593\" style=\"width:143px;height:auto\"\/><\/figure>\n\n\n\n<p style=\"font-size:18px\">Les souches h\u00e9bergent des assemblages d&rsquo;esp\u00e8ces saproxyliques plus riches et diff\u00e9rents de ceux des petits bois morts au sol, en particulier chez les connif\u00e8res.<\/p>\n\n\n\n<p class=\"has-medium-font-size\"><mark style=\"background-color:rgba(0, 0, 0, 0)\" class=\"has-inline-color has-vivid-green-cyan-color\"><strong>3.<\/strong> <strong>Les arbres habitats<\/strong><\/mark><\/p>\n\n\n\n<figure class=\"wp-block-image size-full is-resized\"><img loading=\"lazy\" decoding=\"async\" width=\"685\" height=\"684\" src=\"http:\/\/www.gip-ecofor.org\/gerboise\/wp-content\/uploads\/2024\/08\/Vieil-arbre.png\" alt=\"\" class=\"wp-image-594\" style=\"width:146px;height:auto\"\/><\/figure>\n\n\n\n<p style=\"font-size:18px\">Les arbres gros et vieux sont suceptible de poss\u00e9der <strong>des dendro-microhabitats<\/strong>, des structures de l&rsquo;arbre qui h\u00e9bergent de nombreuses esp\u00e8ces. Les cavit\u00e9s par exemple, sont des dendro-microhabitats utilis\u00e9s par des oiseaux et des mammif\u00e8res pour s&rsquo;abriter ou pour installer leur nid.<\/p>\n\n\n\n<p class=\"has-medium-font-size\"><mark style=\"background-color:rgba(0, 0, 0, 0)\" class=\"has-inline-color has-vivid-green-cyan-color\"><strong>4.<\/strong> <strong>Les arbres fruitiers<\/strong><\/mark><\/p>\n\n\n\n<figure class=\"wp-block-image size-full is-resized\"><img loading=\"lazy\" decoding=\"async\" width=\"685\" height=\"684\" src=\"http:\/\/www.gip-ecofor.org\/gerboise\/wp-content\/uploads\/2024\/08\/Fruits-de-sorbier.png\" alt=\"\" class=\"wp-image-595\" style=\"width:136px;height:auto\"\/><\/figure>\n\n\n\n<p id=\"recommandations-biodiversit\u00e9\" style=\"font-size:18px\"> Les essences fruiti\u00e8res repr\u00e9sentent une ressource alimentaire importante pour les oiseaux frugivores et les insectes floricoles. Il favorisent donc la pr\u00e9sence d&rsquo;une biodiversit\u00e9 essentielle au bon fonctionnement de l&rsquo;\u00e9cosyst\u00e8me forestier.<\/p>\n\n\n\n<p style=\"font-size:18px\"><strong>Chacun de ces \u00e9l\u00e9ments contribue au maintien de la biodiversit\u00e9 foresti\u00e8re.<\/strong><\/p>\n\n\n\n<p class=\"has-medium-font-size\"><strong><mark style=\"background-color:rgba(0, 0, 0, 0)\" class=\"has-inline-color has-black-color\">III. QUELLES RECOMMANDATIONS POUR PRESERVER LA BIODIVERSITE ?<\/mark><\/strong><\/p>\n\n\n\n<p style=\"font-size:18px\">Avant de lancer le chantier de r\u00e9colte, il est important de r\u00e9aliser <strong>un diagnostique de la biodiversit\u00e9 locale<\/strong> afin d&rsquo;adapter au mieux les pratiques foresti\u00e8res.<\/p>\n\n\n\n<p style=\"font-size:18px\"><strong>Il s&rsquo;agit de v\u00e9rifier si le terrain se situe en zone prot\u00e9g\u00e9e vis \u00e0 vis de la biodiversit\u00e9 et de rep\u00e9rer les \u00e9l\u00e9ments supports de biodiversit\u00e9.<\/strong><\/p>\n\n\n\n<p style=\"font-size:18px\">Pour v\u00e9rifier si le chantier se trouve en zone prot\u00e9g\u00e9e, il faut identifier le <strong>statut r\u00e9glementaire relatif \u00e0 la biodiversit\u00e9 <\/strong>auquel il se rattache.<\/p>\n\n\n\n<p style=\"font-size:18px\">Il existe trois types de zones foresti\u00e8res :<\/p>\n\n\n\n<ul class=\"wp-block-list\">\n<li style=\"font-size:18px\"><strong><mark style=\"background-color:rgba(0, 0, 0, 0)\" class=\"has-inline-color has-vivid-green-cyan-color\">Les zones foresti\u00e8res sans statut r\u00e9glementaire<\/mark><\/strong> (environ 77% du territoire forestier) : recommandations \u00ab\u00a0standards\u00a0\u00bb (certaines zones non r\u00e9glement\u00e9es peuvent pr\u00e9senter un int\u00e9r\u00eat biologique fort et justifier ainsi de la mise en oeuvre de mesures de type statuts interm\u00e9diaires sur une base volontaire de la part des gestionnaires).<\/li>\n\n\n\n<li style=\"font-size:18px\"><strong><mark style=\"background-color:rgba(0, 0, 0, 0)\" class=\"has-inline-color has-luminous-vivid-orange-color\">Les zones foresti\u00e8res \u00e0 statuts de protection interm\u00e9diaires<\/mark><\/strong> (environ 21% du territoire forestier) : mesures de gestion sp\u00e9cifiques ou recommandations sur la r\u00e9colte de menus bois et de souches pr\u00e9sent\u00e9es dans le guide du projet Gerboise (Landmann et al., 2018). Elles comprennent les zones Natura 2000, les PN-adh et les ENS.<\/li>\n\n\n\n<li style=\"font-size:18px\"><strong><mark style=\"background-color:rgba(0, 0, 0, 0)\" class=\"has-inline-color has-vivid-red-color\">Les zones foresti\u00e8res \u00e0 statut de protection tr\u00e8s fort<\/mark><\/strong> (moins de 2% du territoire forestier) : l&rsquo;exploitation foresti\u00e8re y est interdite ou alors fortement r\u00e9glement\u00e9e. Elles comprennent les RBI, les RBD, les PN-Coeur, les RN et les APPB\/APHN.<\/li>\n<\/ul>\n\n\n\n<p style=\"font-size:18px\">Il est possible de se renseigner sur le statut r\u00e9glementaire des terrains sur le G\u00e9portail de l&rsquo;IGN, sur le site internet de l&rsquo;Inventaire National du Patrimoine Naturel (INPN) ou apr\u00e8s des Directions R\u00e9gionales de l&rsquo;Environnement, de l&rsquo;Am\u00e9nagement et du Logement (DREAL) et des Directions D\u00e9partementales des Territoires (DDT). <\/p>\n\n\n\n<p style=\"font-size:18px\">L&rsquo;outil <a href=\"https:\/\/foreg.beta.gouv.fr\/accueil\" target=\"_blank\" rel=\"noreferrer noopener\">FOREG<\/a> permet de mani\u00e8re interactive de visualiser les r\u00e9glementations environnementales et patrimoniales applicables aux espaces forestiers.<\/p>\n\n\n\n<p style=\"font-size:18px\">Une fois le statut r\u00e9glementaire du terrain d\u00e9termin\u00e9, il faudra r\u00e9aliser un tour du chantier avec les op\u00e9rateurs avant le d\u00e9but des travaux afin de <strong>rep\u00e9rer les \u00e9l\u00e9ments supports de biodiversit\u00e9 pr\u00e9sents<\/strong> :<\/p>\n\n\n\n<ul class=\"wp-block-list\">\n<li style=\"font-size:18px\"><strong>Les pi\u00e8ces de bois mort<\/strong> : chandelles, chablis isol\u00e9s, gros et vieux bois mort au sol, souches<\/li>\n\n\n\n<li style=\"font-size:18px\"><strong>Les \u00eelots comportant de grosses quantit\u00e9s de bois morts<\/strong><\/li>\n\n\n\n<li style=\"font-size:18px\"><strong>Les arbres habitats<\/strong> : arbres \u00e0 cavit\u00e9s, gros et vieux arbres, arbres isol\u00e9s ou en \u00eelots<\/li>\n<\/ul>\n\n\n\n<p style=\"font-size:18px\"><strong>Il convient ensuite de lister les \u00e9l\u00e9ments \u00e0 pr\u00e9server et de transmettre les consignes aux op\u00e9rateurs.<\/strong><\/p>\n\n\n\n<p><\/p>\n","protected":false},"excerpt":{"rendered":"<p>Les for\u00eats h\u00e9bergent une grande diversit\u00e9 de formes de vie qui constituent la biodiversit\u00e9 foresti\u00e8re. Cette biodiversit\u00e9 repr\u00e9sente un patrimoine inestimable, fournit de nombreux services \u00e9cosyst\u00e9miques et contribue au bon fonctionnement des \u00e9cosyst\u00e8mes forestiers. I. Quelle est l&rsquo;importance de la biodiversit\u00e9 pour les \u00e9cosyst\u00e8mes forestiers ? II. Quels sont les impacts du pr\u00e9l\u00e8vement de la &hellip; <\/p>\n<p class=\"link-more\"><a href=\"http:\/\/www.gip-ecofor.org\/gerboise\/biodiversite\/\" class=\"more-link\">Lire la suite de<span class=\"screen-reader-text\">\u00ab\u00a0Biodiversit\u00e9\u00a0\u00bb<\/span><\/a><\/p>\n","protected":false},"author":1,"featured_media":0,"parent":0,"menu_order":0,"comment_status":"closed","ping_status":"closed","template":"","meta":{"footnotes":""},"class_list":["post-435","page","type-page","status-publish","hentry"],"_links":{"self":[{"href":"http:\/\/www.gip-ecofor.org\/gerboise\/wp-json\/wp\/v2\/pages\/435","targetHints":{"allow":["GET"]}}],"collection":[{"href":"http:\/\/www.gip-ecofor.org\/gerboise\/wp-json\/wp\/v2\/pages"}],"about":[{"href":"http:\/\/www.gip-ecofor.org\/gerboise\/wp-json\/wp\/v2\/types\/page"}],"author":[{"embeddable":true,"href":"http:\/\/www.gip-ecofor.org\/gerboise\/wp-json\/wp\/v2\/users\/1"}],"replies":[{"embeddable":true,"href":"http:\/\/www.gip-ecofor.org\/gerboise\/wp-json\/wp\/v2\/comments?post=435"}],"version-history":[{"count":55,"href":"http:\/\/www.gip-ecofor.org\/gerboise\/wp-json\/wp\/v2\/pages\/435\/revisions"}],"predecessor-version":[{"id":879,"href":"http:\/\/www.gip-ecofor.org\/gerboise\/wp-json\/wp\/v2\/pages\/435\/revisions\/879"}],"wp:attachment":[{"href":"http:\/\/www.gip-ecofor.org\/gerboise\/wp-json\/wp\/v2\/media?parent=435"}],"curies":[{"name":"wp","href":"https:\/\/api.w.org\/{rel}","templated":true}]}}