{"id":437,"date":"2024-08-02T14:05:16","date_gmt":"2024-08-02T12:05:16","guid":{"rendered":"http:\/\/www.gip-ecofor.org\/gerboise\/?page_id=437"},"modified":"2024-09-27T16:29:29","modified_gmt":"2024-09-27T14:29:29","slug":"cours-deau-et-zones-humides","status":"publish","type":"page","link":"http:\/\/www.gip-ecofor.org\/gerboise\/cours-deau-et-zones-humides\/","title":{"rendered":"Cours d&rsquo;eau et zones humides"},"content":{"rendered":"\n<figure class=\"wp-block-image alignfull size-full\"><img loading=\"lazy\" decoding=\"async\" width=\"1876\" height=\"277\" src=\"http:\/\/www.gip-ecofor.org\/gerboise\/wp-content\/uploads\/2024\/09\/Cours-deau-et-zones-humides-1.png\" alt=\"\" class=\"wp-image-634\"\/><\/figure>\n\n\n\n<p style=\"font-size:18px\">La for\u00eat favorise l\u2019infiltration de l\u2019eau dans le sol, limitant ainsi l\u2019\u00e9rosion et permettant son \u00e9puration.<\/p>\n\n\n\n<p style=\"font-size:18px\">Les cours d&rsquo;eau et les zones humides sont tr\u00e8s pr\u00e9sents dans les for\u00eats m\u00e9tropolitaines. Ces habitats h\u00e9bergent une grande biodiversit\u00e9 et fournissent de nombreux services \u00e9cosyst\u00e9miques. Par exemple, les zones humides jouent un r\u00f4le important dans la purification de l&rsquo;eau et dans la pr\u00e9vention des crues. Il est donc important de les pr\u00e9server.<\/p>\n\n\n\n<p id=\"exploitation\" style=\"font-size:18px\"><strong><a href=\"#exploitation\">I. Quels sont les impacts de l&rsquo;exploitation foresti\u00e8re sur les cours d&rsquo;eau et les zones humides ?<\/a><\/strong><\/p>\n\n\n\n<p style=\"font-size:18px\"><strong><a href=\"#diagnostique\">II. Quel diagnostique r\u00e9aliser avant un chantier ?<\/a><\/strong><\/p>\n\n\n\n<p style=\"font-size:18px\"><strong><a href=\"#preserver-ce-et-zh\">III. Quelles mesures pour pr\u00e9server les cours d&rsquo;eau et les zones humides ?<\/a><\/strong><\/p>\n\n\n\n<p class=\"has-medium-font-size\"><strong>I. QUELS SONT LES IMPACTS DE L&rsquo;EXPLOITATION FORESTIERE SUR LES COURS D&rsquo;EAU ET LES ZONES HUMIDES ?<\/strong><\/p>\n\n\n\n<p id=\"diagnostique\" style=\"font-size:18px\">L\u2019exploitation foresti\u00e8re et la r\u00e9colte de menus bois(en particulier de souches), peuvent augmenter les risques d\u2019\u00e9rosion et de d\u00e9gradation de ces milieux :<\/p>\n\n\n\n<ul class=\"wp-block-list\">\n<li style=\"font-size:18px\">Dans les parcelles riveraines avec cours d&rsquo;eau, le risque d&rsquo;\u00e9rosion est plus important<\/li>\n\n\n\n<li style=\"font-size:18px\">Le risque d\u2019alt\u00e9ration des berges augmente avec l&rsquo;\u00e9crasement, le dessouchage, le sous-solage ou la d\u00e9gradation de la ripisylve<\/li>\n<\/ul>\n\n\n\n<p class=\"has-medium-font-size\"><strong>II. QUEL DIAGNOSTIQUE REALISER AVANT UN CHANTIER ?<\/strong><\/p>\n\n\n\n<p style=\"font-size:18px\">Un tour du chantier doit \u00eatre r\u00e9alis\u00e9 avec les op\u00e9rateurs avant la r\u00e9colte foresti\u00e8re afin de rep\u00e9rer et de cartographier les \u00e9l\u00e9ments sensibles :<\/p>\n\n\n\n<ul class=\"wp-block-list\">\n<li style=\"font-size:18px\"><strong>les<\/strong> <strong>cours d&rsquo;eau<\/strong> (rivi\u00e8re, ruisseaux)<\/li>\n\n\n\n<li style=\"font-size:18px\"><strong>les sources<\/strong><\/li>\n\n\n\n<li style=\"font-size:18px\"><strong>les<\/strong> <strong>mares et mardelles<\/strong><\/li>\n\n\n\n<li style=\"font-size:18px\"><strong>les<\/strong> <strong>foss\u00e9s<\/strong><\/li>\n\n\n\n<li style=\"font-size:18px\"><strong>les<\/strong> <strong>zones humides<\/strong><\/li>\n<\/ul>\n\n\n\n<p id=\"preserver-ce-et-zh\" style=\"font-size:18px\">Il faut ensuite d\u00e9terminer les mesures de pr\u00e9servation \u00e0 prendre et transmettre les consignes aux op\u00e9rateurs.<\/p>\n\n\n\n<p class=\"has-medium-font-size\"><strong>III. QUELLES MESURES POUR PRESERVER LES COURS D&rsquo;EAU ET LES ZONES HUMIDES ?<\/strong><\/p>\n\n\n\n<p style=\"font-size:18px\">Afin de limiter le risque d&rsquo;\u00e9rosion et ainsi pr\u00e9server la qualit\u00e9 des zones humides et des cours d&rsquo;eau, <strong>il est important d&rsquo;\u00e9viter de mettre \u00e0 nu les sols, en particulier sur les pentes<\/strong>. Il convient donc de :<\/p>\n\n\n\n<p class=\"has-medium-font-size\"><strong><mark style=\"background-color:rgba(0, 0, 0, 0)\" class=\"has-inline-color has-vivid-green-cyan-color\">1. Laisser des menus bois dispers\u00e9s au sol<\/mark><\/strong><\/p>\n\n\n\n<ul class=\"wp-block-list\">\n<li style=\"font-size:18px\">d&rsquo;autant plus si le sol est pentu, sensible \u00e0 l\u2019\u00e9rosion ou \u00e0 forte composante de sable et limons dans les 10 premiers cm, et que la v\u00e9g\u00e9tation suite \u00e0 la coupe est peu couvrante<\/li>\n\n\n\n<li style=\"font-size:18px\">ne pas descendre en dessous de 2\/10\u00e8me des menus bois laiss\u00e9s au sol si la pente est sup\u00e9rieure \u00e0 25 %<\/li>\n<\/ul>\n\n\n\n<p class=\"has-medium-font-size\"><strong><mark style=\"background-color:rgba(0, 0, 0, 0)\" class=\"has-inline-color has-vivid-green-cyan-color\">2. Laisser des souches<\/mark><\/strong><\/p>\n\n\n\n<ul class=\"wp-block-list\">\n<li style=\"font-size:18px\">au moins 1\/10\u00e8me, bien r\u00e9parties au sein de la parcelle<\/li>\n\n\n\n<li style=\"font-size:18px\">r\u00e9colte d\u00e9conseill\u00e9e en cas de pente sup\u00e9rieure \u00e0 25 %<\/li>\n<\/ul>\n\n\n\n<p class=\"has-medium-font-size\"><strong><mark style=\"background-color:rgba(0, 0, 0, 0)\" class=\"has-inline-color has-vivid-green-cyan-color\">3. Limiter la taille des coupes<\/mark><\/strong><\/p>\n\n\n\n<ul class=\"wp-block-list\">\n<li style=\"font-size:18px\">la surface maximale de r\u00e9f\u00e9rence sugg\u00e9r\u00e9e est de 2 \u00e0 5 ha en situation de pente (rapport Gerboise, 2019)<\/li>\n<\/ul>\n\n\n\n<p style=\"font-size:18px\"><strong>Afin de pr\u00e9server les berges et les habitats sensibles et d\u2019\u00e9viter de mettre de la terre dans les cours d\u2019eau, on prendra les pr\u00e9cautions suivantes sur une bande d\u2019au moins 5 m :<\/strong><\/p>\n\n\n\n<p class=\"has-medium-font-size\"><strong><mark style=\"background-color:rgba(0, 0, 0, 0)\" class=\"has-inline-color has-vivid-green-cyan-color\">1. Ne pas faire circuler d\u2019engins au bord du cours d\u2019eau<\/mark><\/strong><\/p>\n\n\n\n<ul class=\"wp-block-list\">\n<li style=\"font-size:18px\">\u00e9largir la bande \u00e0 10 ou 15 m selon la pente et le type d\u2019engin<\/li>\n<\/ul>\n\n\n\n<p class=\"has-medium-font-size\"><strong><mark style=\"background-color:rgba(0, 0, 0, 0)\" class=\"has-inline-color has-vivid-green-cyan-color\">2. Pr\u00e9server un cordon v\u00e9g\u00e9tal autour du cours d\u2019eau<\/mark><\/strong><\/p>\n\n\n\n<ul class=\"wp-block-list\">\n<li style=\"font-size:18px\">la distance de r\u00e9f\u00e9rence sugg\u00e9r\u00e9e est de 5 \u00e0 10 m<\/li>\n<\/ul>\n\n\n\n<p class=\"has-medium-font-size\"><strong><mark style=\"background-color:rgba(0, 0, 0, 0)\" class=\"has-inline-color has-vivid-green-cyan-color\">3. Ne pas dessoucher au bord du cours d\u2019eau<\/mark><\/strong><\/p>\n\n\n\n<p style=\"font-size:18px\"><strong>Enfin, les recommandations suivantes permettent de pr\u00e9server les zones humides :<\/strong><\/p>\n\n\n\n<p class=\"has-medium-font-size\"><strong><mark style=\"background-color:rgba(0, 0, 0, 0)\" class=\"has-inline-color has-vivid-green-cyan-color\">1. Ne pas exploiter lorsque le sol est satur\u00e9 d\u2019eau<\/mark><\/strong><\/p>\n\n\n\n<p class=\"has-medium-font-size\"><strong><mark style=\"background-color:rgba(0, 0, 0, 0)\" class=\"has-inline-color has-vivid-green-cyan-color\">2. Ne pas circuler \u00e0 proximit\u00e9 des zones humides<\/mark><\/strong><\/p>\n\n\n\n<ul class=\"wp-block-list\">\n<li style=\"font-size:18px\">10 \u00e0 30 m\u00e8tres de distance selon le contexte<\/li>\n\n\n\n<li style=\"font-size:18px\">Effectuer des abattages directionnels, en \u00e9vitant les zones sensibles<\/li>\n<\/ul>\n","protected":false},"excerpt":{"rendered":"<p>La for\u00eat favorise l\u2019infiltration de l\u2019eau dans le sol, limitant ainsi l\u2019\u00e9rosion et permettant son \u00e9puration. Les cours d&rsquo;eau et les zones humides sont tr\u00e8s pr\u00e9sents dans les for\u00eats m\u00e9tropolitaines. Ces habitats h\u00e9bergent une grande biodiversit\u00e9 et fournissent de nombreux services \u00e9cosyst\u00e9miques. Par exemple, les zones humides jouent un r\u00f4le important dans la purification de &hellip; <\/p>\n<p class=\"link-more\"><a href=\"http:\/\/www.gip-ecofor.org\/gerboise\/cours-deau-et-zones-humides\/\" class=\"more-link\">Lire la suite de<span class=\"screen-reader-text\">\u00ab\u00a0Cours d&rsquo;eau et zones humides\u00a0\u00bb<\/span><\/a><\/p>\n","protected":false},"author":1,"featured_media":0,"parent":0,"menu_order":0,"comment_status":"closed","ping_status":"closed","template":"","meta":{"footnotes":""},"class_list":["post-437","page","type-page","status-publish","hentry"],"_links":{"self":[{"href":"http:\/\/www.gip-ecofor.org\/gerboise\/wp-json\/wp\/v2\/pages\/437","targetHints":{"allow":["GET"]}}],"collection":[{"href":"http:\/\/www.gip-ecofor.org\/gerboise\/wp-json\/wp\/v2\/pages"}],"about":[{"href":"http:\/\/www.gip-ecofor.org\/gerboise\/wp-json\/wp\/v2\/types\/page"}],"author":[{"embeddable":true,"href":"http:\/\/www.gip-ecofor.org\/gerboise\/wp-json\/wp\/v2\/users\/1"}],"replies":[{"embeddable":true,"href":"http:\/\/www.gip-ecofor.org\/gerboise\/wp-json\/wp\/v2\/comments?post=437"}],"version-history":[{"count":26,"href":"http:\/\/www.gip-ecofor.org\/gerboise\/wp-json\/wp\/v2\/pages\/437\/revisions"}],"predecessor-version":[{"id":711,"href":"http:\/\/www.gip-ecofor.org\/gerboise\/wp-json\/wp\/v2\/pages\/437\/revisions\/711"}],"wp:attachment":[{"href":"http:\/\/www.gip-ecofor.org\/gerboise\/wp-json\/wp\/v2\/media?parent=437"}],"curies":[{"name":"wp","href":"https:\/\/api.w.org\/{rel}","templated":true}]}}