{"id":572,"date":"2024-08-13T15:30:47","date_gmt":"2024-08-13T13:30:47","guid":{"rendered":"http:\/\/www.gip-ecofor.org\/gerboise\/?page_id=572"},"modified":"2024-09-27T16:42:57","modified_gmt":"2024-09-27T14:42:57","slug":"recommandations-specifiques-pour-la-recolte-de-menus-bois-et-des-souches","status":"publish","type":"page","link":"http:\/\/www.gip-ecofor.org\/gerboise\/recommandations-specifiques-pour-la-recolte-de-menus-bois-et-des-souches\/","title":{"rendered":"Recommandations sp\u00e9cifiques pour la r\u00e9colte de menus bois et des souches"},"content":{"rendered":"\n<figure class=\"wp-block-image alignfull size-full\"><img loading=\"lazy\" decoding=\"async\" width=\"1876\" height=\"308\" src=\"http:\/\/www.gip-ecofor.org\/gerboise\/wp-content\/uploads\/2024\/09\/Menus-bois-et-souches.png\" alt=\"\" class=\"wp-image-627\"\/><\/figure>\n\n\n\n<p style=\"font-size:18px\">Des recommandations sp\u00e9cifiques pour la r\u00e9colte de menus bois et des souches ont \u00e9t\u00e9 pr\u00e9sent\u00e9es dans le rapport Gerboise. Ces recommandations visent \u00e0 pr\u00e9server la fertilit\u00e9 et l&rsquo;int\u00e9grit\u00e9 physique des sols forestiers.<\/p>\n\n\n\n<p id=\"feuillage\" style=\"font-size:18px\"><strong><a href=\"#feuillage\">I. Eviter l&rsquo;exportation de feuillage<\/a><\/strong><\/p>\n\n\n\n<p style=\"font-size:18px\"><strong><a href=\"#menus-bois\">II. Raisonner l&rsquo;exportation de menus bois<\/a><\/strong><\/p>\n\n\n\n<p style=\"font-size:18px\"><strong><a href=\"#souches\">III. Raisonner la r\u00e9colte des souches<\/a><\/strong><\/p>\n\n\n\n<p class=\"has-medium-font-size\"><strong>I. EVITER L&rsquo;EXPORTATION DE FEUILLAGE<\/strong><\/p>\n\n\n\n<p style=\"font-size:18px\">Les mesures suivantes sont \u00e0 prendre sur tous types de sol, m\u00eame les plus fertiles, en raison de l\u2019importance de la perte de fertilit\u00e9 :<\/p>\n\n\n\n<p style=\"font-size:20px\"><strong><mark style=\"background-color:rgba(0, 0, 0, 0)\" class=\"has-inline-color has-vivid-green-cyan-color\">1. R\u00e9colter les essences \u00e0 feuillage caduque de pr\u00e9f\u00e9rence hors feuilles<\/mark><\/strong><\/p>\n\n\n\n<p style=\"font-size:20px\"><strong><mark style=\"background-color:rgba(0, 0, 0, 0)\" class=\"has-inline-color has-vivid-green-cyan-color\">2. A d\u00e9faut, laisser ressuyer les bois sur la parcelle avant d\u00e9bardage<\/mark><\/strong><\/p>\n\n\n\n<p style=\"font-size:18px\">Cette recommandation s\u2019applique aux essences \u00e0 feuillage persistant et aux essences \u00e0 feuillage caduque coup\u00e9es en feuilles.<\/p>\n\n\n\n<p style=\"font-size:18px\"><br><strong>Le ressuyage doit permettre la chute des feuilles encore pr\u00e9sentes et favorisera la chute des plus petits bois (brindilles) fragilis\u00e9s lors des manipulations de d\u00e9bardage. La dur\u00e9e de r\u00e9f\u00e9rence sugg\u00e9r\u00e9e est de 3 mois.<\/strong> Cette dur\u00e9e est \u00e0 ajuster selon les conditions m\u00e9t\u00e9orologiques, l&rsquo;essence, l&rsquo;exposition et la p\u00e9riode d&rsquo;abattage, afin d&rsquo;assurer la chute effective des feuilles de l&rsquo;arbre.<\/p>\n\n\n\n<p style=\"font-size:18px\"><br>Le feuillage doit rester sur la parcelle et non sur la place de d\u00e9p\u00f4t. Cela permet d&rsquo;\u00e9viter un effet compostage dans les tas en bord de route et de contribuer ainsi \u00e0 une meilleure qualit\u00e9 de plaquette.<\/p>\n\n\n\n<p style=\"font-size:20px\"><strong><mark style=\"background-color:rgba(0, 0, 0, 0)\" class=\"has-inline-color has-vivid-green-cyan-color\">3. Planifier les op\u00e9rations de r\u00e9colte afin de limiter les risques d\u2019orni\u00e9rage et le tassement lors de la r\u00e9colte des menus bois<\/mark><\/strong><\/p>\n\n\n\n<p id=\"menus-bois\" style=\"font-size:18px\">La dur\u00e9e sugg\u00e9r\u00e9e de trois mois de ressuyage eput amener \u00e0 r\u00e9aliser lesop\u00e9rations d&rsquo;abattages en \u00e9t\u00e9 (p\u00e9riode en g\u00e9n\u00e9ral de sols portants), et celles de d\u00e9bardage trois mois plus tard en automne, quand les sols sont moins portants.<\/p>\n\n\n\n<p style=\"font-size:18px\"><strong>La protection physique des sols doit aller de pair avec le respect de leur fertilit\u00e9, en planifiant l\u2019ensemble des op\u00e9rations, en choisissant une p\u00e9riode favorable \u00e0 une bonne portance des sols et en d\u00e9posant une couche de branches sur les cloisonnements.<\/strong><\/p>\n\n\n\n<p class=\"has-medium-font-size\"><strong>II. RAISONNER L&rsquo;EXPORTATION DE MENUS BOIS<\/strong><\/p>\n\n\n\n<p class=\"has-medium-font-size\"><strong><mark style=\"background-color:rgba(0, 0, 0, 0)\" class=\"has-inline-color has-vivid-green-cyan-color\">1. Espacer les r\u00e9coltes de menus bois d\u2019au moins 15 ans sur sols peu sensibles et 30 ans sur sols mod\u00e9r\u00e9ment sensibles<\/mark><\/strong><\/p>\n\n\n\n<p style=\"font-size:18px\">Le temps entre deux r\u00e9coltes doit permettra au sol de recharger ses stocks de nutriments.<\/p>\n\n\n\n<ul class=\"wp-block-list\">\n<li style=\"font-size:18px\">Dans la vie d\u2019une futaie r\u00e9guli\u00e8re ou d\u2019un taillis-sous-futaie, focaliser les r\u00e9coltes de menus bois lors des d\u00e9pressages \u2013 1 \u00e8res \u00e9claircies (arbres entiers) ou les coupes d\u00e9finitives (houppiers entiers). Lors des autres coupes (coupe d\u2019am\u00e9lioration, autres \u00e9claircies), proc\u00e9der de pr\u00e9f\u00e9rence par r\u00e9colte du bois fort uniquement.<\/li>\n\n\n\n<li style=\"font-size:18px\">Pour les autres types de peuplements, futaie irr\u00e9guli\u00e8re et taillis, veiller \u00e0 bien laisser au moins 15 ou 30 ans (selon la sensibilit\u00e9 des sols) entre deux r\u00e9coltes des menus bois.<\/li>\n<\/ul>\n\n\n\n<p class=\"has-medium-font-size\"><strong><mark style=\"background-color:rgba(0, 0, 0, 0)\" class=\"has-inline-color has-vivid-green-cyan-color\">2. Assurer, le cas \u00e9ch\u00e9ant, la protection des sols dans les cloisonnements<\/mark><\/strong><\/p>\n\n\n\n<p style=\"font-size:18px\">L\u2019utilisation de menus bois dispos\u00e9s dans les cloisonnements permet d\u2019assurer la protection physique des sols en amortissant le passage des engins m\u00e9caniques forestiers. Dans ce cas de figure, les menus bois sont endommag\u00e9s et leur r\u00e9colte n\u2019est plus envisageable.<\/p>\n\n\n\n<p class=\"has-medium-font-size\"><strong><mark style=\"background-color:rgba(0, 0, 0, 0)\" class=\"has-inline-color has-vivid-green-cyan-color\">3. Laisser au sol une partie des menus bois des arbres abattus<\/mark><\/strong><\/p>\n\n\n\n<p style=\"font-size:18px\">Les proportions propos\u00e9es ci-dessous permettent de s\u2019assurer que les r\u00e9serves du sol pourront compenser l\u2019exportation de nutriments et de garantir le maintien de la fertilit\u00e9 :<\/p>\n\n\n<div class=\"wp-block-image\">\n<figure class=\"aligncenter size-full is-resized\"><img loading=\"lazy\" decoding=\"async\" width=\"1668\" height=\"934\" src=\"http:\/\/www.gip-ecofor.org\/gerboise\/wp-content\/uploads\/2024\/08\/Proportion-de-menus-bois-a-laisser-apres-coupe-arbres.png\" alt=\"\" class=\"wp-image-580\" style=\"width:718px;height:auto\"\/><\/figure>\n<\/div>\n\n\n<p class=\"has-medium-font-size\"><strong><mark style=\"background-color:rgba(0, 0, 0, 0)\" class=\"has-inline-color has-vivid-green-cyan-color\">4. Quantit\u00e9 de menus bois \u00e0 laisser selon les types de coupes<\/mark><\/strong><\/p>\n\n\n\n<ul class=\"wp-block-list\">\n<li style=\"font-size:18px\">Pour des sols non sensibles et des zones sans statut de protection de biodiversit\u00e9, laisser 1\/10\u00e8mede menus bois, ce qui correspond en principe aux pertes d\u2019exploitation habituelles lors des op\u00e9rations d\u2019abattage et d\u00e9bardage.<\/li>\n\n\n\n<li style=\"font-size:18px\">Lors de r\u00e9colte de petits arbres entiers : laisser 2 ou 3\/10\u00e8mes des houppiers dans la parcelle. A la cisaille, proc\u00e9der \u00e0 l\u2019abattage en 2 temps : \u00e0 mi-hauteur puis \u00e0 la base. Laisser 2 ou 3\/10\u00e8mes des houppiers ainsi coup\u00e9s qui ne seront pas ramass\u00e9s lors du d\u00e9bardage. Ces petits houppiers pourriront vite et ne g\u00eaneront pas les op\u00e9rations \u00e0 suivre.<\/li>\n\n\n\n<li style=\"font-size:18px\">Cas des coupes d\u00e9finitives et coupes d\u2019ensemencement : pour d\u00e9membrer les houppiers entiers lors de leur r\u00e9colte, proc\u00e9der \u00e0 une d\u00e9coupe \u00e0 7 cm de diam\u00e8tre pour laisser les menus bois au sol.<\/li>\n<\/ul>\n\n\n\n<p class=\"has-medium-font-size\"><strong><mark style=\"background-color:rgba(0, 0, 0, 0)\" class=\"has-inline-color has-vivid-green-cyan-color\">5. Autres conseils<\/mark><\/strong><\/p>\n\n\n\n<ul class=\"wp-block-list\" id=\"souches\">\n<li style=\"font-size:18px\">Pour le laps de temps \u00e0 laisser entre 2 r\u00e9coltes : on fera particuli\u00e8rement attention au d\u00e9lai entre la coupe d\u2019ensemencement et la 1\u00e8re \u00e9claircie si une r\u00e9colte des menus bois est envisag\u00e9e dans les 2 cas.<\/li>\n\n\n\n<li style=\"font-size:18px\">Le respect du d\u00e9lai de ressuyage entre abattage et d\u00e9bardage est important : il permet de rendre les brindilles cassantes et de faciliter leur chute au sol lors de la saisie des bois au d\u00e9bardage.<\/li>\n\n\n\n<li style=\"font-size:18px\">Lors du d\u00e9bardage, ne ramasser que les javelles ou andains, et laisser les branches isol\u00e9es sur le parterre de coupe.<\/li>\n\n\n\n<li style=\"font-size:18px\">Consigner dans les documents de gestion les informations de r\u00e9coltes r\u00e9alis\u00e9es pour permettre un suivi dans le temps.<\/li>\n<\/ul>\n\n\n\n<p class=\"has-medium-font-size\"><strong>III. RAISONNER LA RECOLTE DES SOUCHES<\/strong><\/p>\n","protected":false},"excerpt":{"rendered":"<p>Des recommandations sp\u00e9cifiques pour la r\u00e9colte de menus bois et des souches ont \u00e9t\u00e9 pr\u00e9sent\u00e9es dans le rapport Gerboise. Ces recommandations visent \u00e0 pr\u00e9server la fertilit\u00e9 et l&rsquo;int\u00e9grit\u00e9 physique des sols forestiers. I. Eviter l&rsquo;exportation de feuillage II. Raisonner l&rsquo;exportation de menus bois III. Raisonner la r\u00e9colte des souches I. EVITER L&rsquo;EXPORTATION DE FEUILLAGE Les &hellip; <\/p>\n<p class=\"link-more\"><a href=\"http:\/\/www.gip-ecofor.org\/gerboise\/recommandations-specifiques-pour-la-recolte-de-menus-bois-et-des-souches\/\" class=\"more-link\">Lire la suite de<span class=\"screen-reader-text\">\u00ab\u00a0Recommandations sp\u00e9cifiques pour la r\u00e9colte de menus bois et des souches\u00a0\u00bb<\/span><\/a><\/p>\n","protected":false},"author":1,"featured_media":0,"parent":0,"menu_order":0,"comment_status":"closed","ping_status":"closed","template":"","meta":{"footnotes":""},"class_list":["post-572","page","type-page","status-publish","hentry"],"_links":{"self":[{"href":"http:\/\/www.gip-ecofor.org\/gerboise\/wp-json\/wp\/v2\/pages\/572","targetHints":{"allow":["GET"]}}],"collection":[{"href":"http:\/\/www.gip-ecofor.org\/gerboise\/wp-json\/wp\/v2\/pages"}],"about":[{"href":"http:\/\/www.gip-ecofor.org\/gerboise\/wp-json\/wp\/v2\/types\/page"}],"author":[{"embeddable":true,"href":"http:\/\/www.gip-ecofor.org\/gerboise\/wp-json\/wp\/v2\/users\/1"}],"replies":[{"embeddable":true,"href":"http:\/\/www.gip-ecofor.org\/gerboise\/wp-json\/wp\/v2\/comments?post=572"}],"version-history":[{"count":15,"href":"http:\/\/www.gip-ecofor.org\/gerboise\/wp-json\/wp\/v2\/pages\/572\/revisions"}],"predecessor-version":[{"id":718,"href":"http:\/\/www.gip-ecofor.org\/gerboise\/wp-json\/wp\/v2\/pages\/572\/revisions\/718"}],"wp:attachment":[{"href":"http:\/\/www.gip-ecofor.org\/gerboise\/wp-json\/wp\/v2\/media?parent=572"}],"curies":[{"name":"wp","href":"https:\/\/api.w.org\/{rel}","templated":true}]}}