{"id":897,"date":"2021-04-07T12:15:21","date_gmt":"2021-04-07T10:15:21","guid":{"rendered":"http:\/\/www.gip-ecofor.org\/gicc\/?page_id=897"},"modified":"2021-11-10T09:27:25","modified_gmt":"2021-11-10T08:27:25","slug":"adamont-2014","status":"publish","type":"page","link":"http:\/\/www.gip-ecofor.org\/gicc\/?page_id=897","title":{"rendered":"AdaMont 2014"},"content":{"rendered":"\t\t<div data-elementor-type=\"wp-page\" data-elementor-id=\"897\" class=\"elementor elementor-897\">\n\t\t\t\t\t\t<section class=\"elementor-section elementor-top-section elementor-element elementor-element-6152807f elementor-section-boxed elementor-section-height-default elementor-section-height-default\" data-id=\"6152807f\" data-element_type=\"section\">\n\t\t\t\t\t\t<div class=\"elementor-container elementor-column-gap-default\">\n\t\t\t\t\t<div class=\"elementor-column elementor-col-100 elementor-top-column elementor-element elementor-element-4ef6adef\" data-id=\"4ef6adef\" data-element_type=\"column\">\n\t\t\t<div class=\"elementor-widget-wrap elementor-element-populated\">\n\t\t\t\t\t\t<div class=\"elementor-element elementor-element-2f936bc elementor-widget elementor-widget-text-editor\" data-id=\"2f936bc\" data-element_type=\"widget\" data-widget_type=\"text-editor.default\">\n\t\t\t\t<div class=\"elementor-widget-container\">\n\t\t\t\t\t\t\t\t\t\n<p>OBJECTIFS<\/p>\n<ul>\n<li>\u00a0favoriser une approche du territoire en tant que syst\u00e8me avec une attention particuli\u00e8re au changement climatique comme facteur significatif des \u00e9volutions de ce syst\u00e8me,<\/li>\n<\/ul>\n<ul>\n<li>apporter une attention particuli\u00e8re \u00e0 la question de la \u00abr\u00e9v\u00e9lation pratique\u00bb du changement climatique en int\u00e9grant pleinement les acteurs socio-\u00e9conomiques dans l\u2019analyse et en confrontant les connaissances scientifiques \u00e0 la r\u00e9alit\u00e9 de leurs pratiques de gestion et d\u2019adaptation,<\/li>\n<\/ul>\n<ul>\n<li>\u00a0aider \u00e0 une r\u00e9elle co-construction entre chercheurs et acteurs du territoire en mobilisant des approches d\u2019\u00e9conomie, de sciences politiques et de sociologie adapt\u00e9es pour \u00e0 la fois mettre en place et observer ces processus de co-construction,<\/li>\n<\/ul>\n<ul>\n<li>donner pour objectif de travailler \u00e0 une \u00e9chelle spatiale et temporelle fine adapt\u00e9e \u00e0 la variabilit\u00e9 des pratiques et des territoires afin de gagner en op\u00e9rationnalit\u00e9,<\/li>\n<\/ul>\n<ul>\n<li>valoriser au mieux l\u2019existant, les donn\u00e9es, les expertises scientifiques, techniques ou pratiques, les retours d\u2019exp\u00e9rience, mais aussi les m\u00e9thodes et outils existants, par un effort d\u2019\u00e9tat de l\u2019art assez exhaustif, limiter au maximum aux d\u00e9veloppements compl\u00e9mentaires n\u00e9cessaires \u00e0 meilleure approche int\u00e9gr\u00e9e,<\/li>\n<\/ul>\n<ul>\n<li>mailler ce projet avec d\u2019autres projets d\u2019int\u00e9r\u00eat pour cette th\u00e9matique, compl\u00e9mentaires par les approches sectorielles, g\u00e9ographiques ou m\u00e9thodologiques qu\u2019ils peuvent apporter \u00e0 la r\u00e9flexion. Ce projet a pour ambition in-fine de fournir des livrables m\u00e9thodologiques transf\u00e9rables pour favoriser le dialogue en recherche et action.<\/li>\n<\/ul>\n<ul>\n<li>Ce projet se veut pionnier et exemplaire de par son approche globale de la r\u00e9flexion territoriale d\u2019adaptation face au changement climatique en cours et \u00e0 venir.<\/li>\n<\/ul>\n<p>Pour en savoir plus : <a href=\"http:\/\/www.gip-ecofor.org\/gicc\/wp-content\/uploads\/2021\/04\/AdaMont_Rapport-final_2018-1.pdf\">AdaMont_Rapport final_2018<\/a><\/p>\n<p>ORGANISMES PARTENAIRES ET RESPONSABLES SCIENTIFIQUES<\/p>\n<p>&#8211; Irstea, centre de Grenoble, Unit\u00e9s de recherche DTM, EM et ETNA<\/p>\n<p>&#8211; UMR Game, \u00e9quipes Centre d&rsquo;Etudes de la Neige \u00e0 Grenoble et Groupe de M\u00e9t\u00e9orologie de Grande Echelle et Climat \u00e0 Toulouse<\/p>\n<p>&#8211; PNR Vercors<\/p>\n<p>COORDINATEUR DU PROJET :<\/p>\n<p>Marie Pierre Arlot, Directrice R\u00e9gionale<\/p>\n<p>Centre Irstea de Grenoble<br \/>2 rue de la Papeterie, BP 76<br \/>38402 St-Martin-d &lsquo;H\u00e8res cedex<br \/>+33 (0)476762704<br \/>+33 (0)6 42 96 30 06<br \/>marie-pierre.arlot(at)irstea.fr<\/p>\n<p>RESPONSABLES SCIENTIFIQUES<\/p>\n<p>&#8211; UMR GAME : Samuel Morin, chercheur du CEN.<br \/>&#8211; UR DTM : Emmanuelle George-Marcelpoil, Directrice de l&rsquo;UR DTM<br \/>&#8211; UR EM : Fran\u00e7ois V\u00e9ron, Directeur de l&rsquo;UR EM<br \/>&#8211; UR ETNA: Didier Richard, Directeur de l&rsquo;UR ETNA<\/p>\n\t\t\t\t\t\t\t\t<\/div>\n\t\t\t\t<\/div>\n\t\t\t\t\t<\/div>\n\t\t<\/div>\n\t\t\t\t\t<\/div>\n\t\t<\/section>\n\t\t\t\t<\/div>\n\t\t","protected":false},"excerpt":{"rendered":"<p>OBJECTIFS \u00a0favoriser une approche du territoire en tant que syst\u00e8me avec une attention particuli\u00e8re au changement climatique comme facteur significatif des \u00e9volutions de ce syst\u00e8me, apporter une attention particuli\u00e8re \u00e0 la question de la&#46;&#46;&#46;<\/p>\n","protected":false},"author":1,"featured_media":0,"parent":0,"menu_order":0,"comment_status":"closed","ping_status":"closed","template":"","meta":{"_monsterinsights_skip_tracking":false,"_monsterinsights_sitenote_active":false,"_monsterinsights_sitenote_note":"","_monsterinsights_sitenote_category":0,"footnotes":""},"class_list":["post-897","page","type-page","status-publish","hentry"],"_links":{"self":[{"href":"http:\/\/www.gip-ecofor.org\/gicc\/index.php?rest_route=\/wp\/v2\/pages\/897","targetHints":{"allow":["GET"]}}],"collection":[{"href":"http:\/\/www.gip-ecofor.org\/gicc\/index.php?rest_route=\/wp\/v2\/pages"}],"about":[{"href":"http:\/\/www.gip-ecofor.org\/gicc\/index.php?rest_route=\/wp\/v2\/types\/page"}],"author":[{"embeddable":true,"href":"http:\/\/www.gip-ecofor.org\/gicc\/index.php?rest_route=\/wp\/v2\/users\/1"}],"replies":[{"embeddable":true,"href":"http:\/\/www.gip-ecofor.org\/gicc\/index.php?rest_route=%2Fwp%2Fv2%2Fcomments&post=897"}],"version-history":[{"count":3,"href":"http:\/\/www.gip-ecofor.org\/gicc\/index.php?rest_route=\/wp\/v2\/pages\/897\/revisions"}],"predecessor-version":[{"id":1084,"href":"http:\/\/www.gip-ecofor.org\/gicc\/index.php?rest_route=\/wp\/v2\/pages\/897\/revisions\/1084"}],"wp:attachment":[{"href":"http:\/\/www.gip-ecofor.org\/gicc\/index.php?rest_route=%2Fwp%2Fv2%2Fmedia&parent=897"}],"curies":[{"name":"wp","href":"https:\/\/api.w.org\/{rel}","templated":true}]}}