{"id":30,"date":"2025-03-11T10:30:38","date_gmt":"2025-03-11T09:30:38","guid":{"rendered":"https:\/\/socioeco:8890\/?page_id=30"},"modified":"2025-05-26T16:35:26","modified_gmt":"2025-05-26T14:35:26","slug":"presentation","status":"publish","type":"page","link":"http:\/\/www.gip-ecofor.org\/socioeco\/presentation\/","title":{"rendered":"Pr\u00e9sentation"},"content":{"rendered":"\n<p>Le&nbsp;<strong>r\u00e9seau de chercheurs en sciences \u00e9conomiques, humaines et sociales appliqu\u00e9es \u00e0 la for\u00eat est une initiative du GIP ECOFOR<\/strong>. Ce r\u00e9seau se veut souple, r\u00e9actif et facile d\u2019acc\u00e8s. L&rsquo;adh\u00e9sion \u00e0 ce r\u00e9seau est totalement gratuite. Il a vocation \u00e0 faciliter les \u00e9changes et le montage, voire le financement, de projets collaboratifs entre chercheurs. L&rsquo;objectif est de rendre plus visible la recherche du domaine au niveau national et europ\u00e9en. Pour l&rsquo;instant lanc\u00e9 \u00e0 l&rsquo;\u00e9chelle nationale pour une majorit\u00e9 de ses services et \u00e0 l&rsquo;\u00e9chelle europ\u00e9enne pour l&rsquo;annuaire des chercheurs, il a vocation \u00e0 s&rsquo;\u00e9largir \u00e0 la communaut\u00e9 des chercheurs du domaine \u00e0 l&rsquo;\u00e9chelle de l&rsquo;Europe.<\/p>\n\n\n\n<p>Les\u00a0<strong>personnes morales ou les entit\u00e9s de personnes morales<\/strong>\u00a0(unit\u00e9 de recherche) dont le champ de travail porte en partie sur les sciences \u00e9conomiques, humaines ou sociales appliqu\u00e9es \u00e0 la for\u00eat, \u00e0 la fili\u00e8re bois ou aux autres usages de la for\u00eat peuvent\u00a0<strong>devenir membre du r\u00e9seau<\/strong>\u00a0; ils font alors partie du Conseil de r\u00e9seau, organe qui d\u00e9cide des orientations de travail annuelles. Pour cela ils doivent signer le protocole (t\u00e9l\u00e9chargement ci-dessus).<br><br>Les\u00a0<strong>individuels,\u00a0<\/strong>chercheurs ou personnes int\u00e9ress\u00e9es, peuvent\u00a0<strong>devenir adh\u00e9rent<\/strong>\u00a0du r\u00e9seau, cela leur permet d&rsquo;acc\u00e9der aux diff\u00e9rents services propos\u00e9s par le r\u00e9seau. Cette adh\u00e9sion est gratuite et s&rsquo;effectue\u00a0<a href=\"http:\/\/www.gip-ecofor.org\/socioeco\/contactez-nous\/\">en ligne<\/a>. Les adh\u00e9rents chercheurs seront r\u00e9f\u00e9renc\u00e9s dans l&rsquo;annuaire en ligne des chercheurs.<\/p>\n\n\n\n<p>&nbsp;Les services aux adh\u00e9rents qui ont \u00e9t\u00e9 mis en place sont :<\/p>\n\n\n\n<ul class=\"wp-block-list\">\n<li>\u00a0\u00a0\u00a0 une\u00a0<a href=\"http:\/\/www.gip-ecofor.org\/socioeco\/category\/manifestations\/\" target=\"_blank\" rel=\"noreferrer noopener\">veille\u00a0<\/a>sur les appels d\u2019offres, les \u00e9v\u00e9nements, les appels \u00e0 contributions, les rapports institutionnels et les ouvrages de r\u00e9f\u00e9rences,<\/li>\n\n\n\n<li>\u00a0\u00a0\u00a0 le financement de\u00a0<a href=\"http:\/\/www.gip-ecofor.org\/socioeco\/category\/opportunites\/\" target=\"_blank\" rel=\"noreferrer noopener\">projets de recherche<\/a>,<\/li>\n\n\n\n<li>&nbsp;&nbsp;&nbsp; l\u2019appui au montage de projets de recherche collaboratifs,<\/li>\n\n\n\n<li>\u00a0\u00a0\u00a0 Des\u00a0colloques\u00a0annuels<\/li>\n<\/ul>\n\n\n\n<p><em>The\u00a0<strong>network of researchers in economic, human and social sciences applied to forests and its services is created on a GIP ECOFOR initiative<\/strong>.<\/em><br><em>This network is meant to be flexible, reactive and accessible. Membership is free of charge.\u00a0Even though it is currently launched on a French scale for most services and on a European scale for the researchers\u2019 directory, it is intended to broaden out to the European community of researchers in this field.<\/em><br><br><em><strong>Legal entities or legal entity units<\/strong>\u00a0(such as research units) partially working on economic and social sciences applied to forests or environment can join the network. Once they are\u00a0<strong>members<\/strong>, they become part of the Network Committee which gives annual working directions. To do that, they must sign the protocol\u00a0downloadable\u00a0at the top of the page\u00a0(in French).<\/em><br><br><em><strong>Individual researchers<\/strong>\u00a0are also entitled to\u00a0<strong>membership<\/strong>. They will then be able to access the different services proposed by the network. Membership is free and to be made\u00a0<a href=\"http:\/\/www.gip-ecofor.org\/socioeco\/contactez-nous\/\">online<\/a>.<\/em><br><br><em>Here below a list of the first services available\u00a0 to researchers:<\/em><br><em>\u2022\u00a0\u00a0 \u00a0Implementation of a European directory of the researchers in this field<\/em><br><em>\u2022\u00a0\u00a0 \u00a0A follow-up of calls for proposals, events and calls for contribution<\/em><br><em>\u2022\u00a0\u00a0 \u00a0Funding of projects selected at the time of the \u201ccall for ideas\u201d launched fall 2011<\/em><br><em>\u2022\u00a0\u00a0 \u00a0Support on collaborative projects building<\/em><br><em>\u2022\u00a0\u00a0 \u00a0Event organization<\/em><\/p>\n","protected":false},"excerpt":{"rendered":"<p>Le&nbsp;r\u00e9seau de chercheurs en sciences \u00e9conomiques, humaines et sociales appliqu\u00e9es \u00e0 la for\u00eat est une initiative du GIP ECOFOR. Ce r\u00e9seau se veut souple, r\u00e9actif et facile d\u2019acc\u00e8s. L&rsquo;adh\u00e9sion \u00e0 ce r\u00e9seau est totalement gratuite. Il a vocation \u00e0 faciliter les \u00e9changes et le montage, voire le financement, de projets collaboratifs entre chercheurs. L&rsquo;objectif est &hellip; <\/p>\n<p class=\"link-more\"><a href=\"http:\/\/www.gip-ecofor.org\/socioeco\/presentation\/\" class=\"more-link\">Lire la suite de<span class=\"screen-reader-text\">\u00ab\u00a0Pr\u00e9sentation\u00a0\u00bb<\/span><\/a><\/p>\n","protected":false},"author":1,"featured_media":0,"parent":0,"menu_order":0,"comment_status":"closed","ping_status":"closed","template":"","meta":{"footnotes":""},"class_list":["post-30","page","type-page","status-publish","hentry"],"_links":{"self":[{"href":"http:\/\/www.gip-ecofor.org\/socioeco\/wp-json\/wp\/v2\/pages\/30","targetHints":{"allow":["GET"]}}],"collection":[{"href":"http:\/\/www.gip-ecofor.org\/socioeco\/wp-json\/wp\/v2\/pages"}],"about":[{"href":"http:\/\/www.gip-ecofor.org\/socioeco\/wp-json\/wp\/v2\/types\/page"}],"author":[{"embeddable":true,"href":"http:\/\/www.gip-ecofor.org\/socioeco\/wp-json\/wp\/v2\/users\/1"}],"replies":[{"embeddable":true,"href":"http:\/\/www.gip-ecofor.org\/socioeco\/wp-json\/wp\/v2\/comments?post=30"}],"version-history":[{"count":3,"href":"http:\/\/www.gip-ecofor.org\/socioeco\/wp-json\/wp\/v2\/pages\/30\/revisions"}],"predecessor-version":[{"id":129,"href":"http:\/\/www.gip-ecofor.org\/socioeco\/wp-json\/wp\/v2\/pages\/30\/revisions\/129"}],"wp:attachment":[{"href":"http:\/\/www.gip-ecofor.org\/socioeco\/wp-json\/wp\/v2\/media?parent=30"}],"curies":[{"name":"wp","href":"https:\/\/api.w.org\/{rel}","templated":true}]}}