{"id":37,"date":"2025-03-11T10:39:09","date_gmt":"2025-03-11T09:39:09","guid":{"rendered":"https:\/\/socioeco:8890\/?page_id=37"},"modified":"2025-03-11T10:39:09","modified_gmt":"2025-03-11T09:39:09","slug":"projets-de-recherche-du-reseau","status":"publish","type":"page","link":"http:\/\/www.gip-ecofor.org\/socioeco\/projets-de-recherche-du-reseau\/","title":{"rendered":"Projets de recherche du r\u00e9seau"},"content":{"rendered":"\n<p>A l&rsquo;automne 2011, le r\u00e9seau a lanc\u00e9 un appel \u00e0 intentions de recherche ouvert dans le domaine des sciences \u00e9conomiques, humaines et sociales appliqu\u00e9es \u00e0 la for\u00eat et \u00e0 tous ses usages.<\/p>\n\n\n\n<p>Nous avons re\u00e7u 24 propositions et avons r\u00e9uni les proposants afin d&rsquo;initier des projets de recherche collaboratifs. A l&rsquo;issue de ce processus nous avons re\u00e7u 4 projets de recherche collaboratifs qui ont \u00e9t\u00e9 \u00e9valu\u00e9s par des scientifiques. 2 sont finalement financ\u00e9s par ECOFOR. D\u00e9but\u00e9s d\u00e9but 2013, ils se sont achev\u00e9s en 2015.<\/p>\n\n\n\n<p>Une journ\u00e9e de restitution des r\u00e9sultats de ces deux analyses \u00e9conomiques a \u00e9t\u00e9 organis\u00e9e par le r\u00e9seau le 22 septembre 2015. Les communications sont disponibles&nbsp;<a href=\"http:\/\/www.gip-ecofor.org\/socioeco\/index.php?sujet=reseau&amp;ssmenu=manif_res\">sur cette page<\/a>.<\/p>\n\n\n\n<h2 class=\"wp-block-heading\">ComExt Bois &#8211; La comp\u00e9titivit\u00e9 internationale de la fili\u00e8re for\u00eat-bois fran\u00e7aise (coordination : Anne-Laure Levet, FCBA)<\/h2>\n\n\n\n<p>L\u2019objet de cette recherche sera de mener une \u00e9tude sur le commerce ext\u00e9rieur et la comp\u00e9titivit\u00e9 internationale de la fili\u00e8re bois fran\u00e7aise, afin d\u2019apporter un \u00e9clairage pr\u00e9cis sur ces questions et pallier le manque de recherche dans ce domaine.<\/p>\n\n\n\n<p>Plus pr\u00e9cis\u00e9ment, l\u2019objectif de ce projet est d\u2019apporter un diagnostic pr\u00e9cis de la structure de la balance commerciale de la fili\u00e8re bois fran\u00e7aise et de son \u00e9volution. A partir de ce premier travail, il s\u2019agira de mettre en \u00e9vidence les secteurs ou sous-secteurs performants \u00e0 l\u2019exportation et de d\u00e9terminer leurs facteurs de comp\u00e9titivit\u00e9 en s\u2019appuyant sur une \u00e9tude \u00e9conom\u00e9trique. Cette analyse permettra ainsi d\u2019alimenter la r\u00e9flexion sur les leviers d\u2019actions pour renforcer la position des industries fran\u00e7aises du bois \u00e0 la fois \u00e0 l\u2019international et sur leurs march\u00e9s domestiques.<\/p>\n\n\n\n<p>Alors que plusieurs rapports publi\u00e9s ces derni\u00e8res ann\u00e9es ont souvent mis l\u2019accent sur les facteurs amont de la faiblesse de la comp\u00e9titivit\u00e9 de la fili\u00e8re bois (comme la sous-exploitation foresti\u00e8re), l\u2019originalit\u00e9 de ce projet sera de traiter cette question au niveau de l\u2019aval de la fili\u00e8re et des industries de produits finis. Ce projet permettra ainsi de compl\u00e9ter les analyses portant sur l\u2019amont en se focalisant sur les facteurs internes et externes des industries de l\u2019aval.<br><br>L\u2019objectif, \u00e0 travers \u00e0 ce projet, sera \u00e9galement de stimuler les \u00e9changes entre organismes de recherche (en particulier entre le FCBA et le BETA) et impulser la constitution de nouveaux r\u00e9seaux de chercheurs.<\/p>\n\n\n\n<h2 class=\"wp-block-heading\">EcoRisques &#8211; Optimisation et viabilit\u00e9 de la gestion foresti\u00e8re en pr\u00e9sence de risques (coordination : Hanitra RAKOTOARISON, ONF)<\/h2>\n\n\n\n<p>Face \u00e0 des risques de diff\u00e9rentes natures, des questions se posent: Quel est l\u2019itin\u00e9raire optimal qui maximise le b\u00e9n\u00e9fice net actualis\u00e9 (ou un autre crit\u00e8re adapt\u00e9 aux situations risqu\u00e9es) du propri\u00e9taire forestier en pr\u00e9sence de risques ? Comment prendre en compte les risques et les incertitudes qui affectent la gestion foresti\u00e8re ? Comment g\u00e9rer, au mieux, ou raisonnablement, la for\u00eat avec des objectifs multiples et multidimensionnels ? Comment \u00e9viter de se retrouver dans une situation dangereuse, \u00e0 savoir une situation qui \u00e9loigne de ce caract\u00e8re raisonnable ?<br><br>Deux sections de travaux peuvent \u00eatre entreprises :<br><br>La premi\u00e8re sera centr\u00e9e sur la probl\u00e9matique de la d\u00e9termination de l&rsquo;itin\u00e9raire optimal visant in fine \u00e0 maximiser le b\u00e9n\u00e9fice net actualis\u00e9 du propri\u00e9taire forestier (public ou priv\u00e9). La prise en compte du contexte al\u00e9atoire sera entreprise ici en testant la sensibilit\u00e9 de l\u2019itin\u00e9raire sylvicole optimal aux diff\u00e9rents param\u00e8tres. Si les principes \u00e9conomiques de gestion sont bien connus d\u2019un point de vue th\u00e9orique, la mise en \u0153uvre d\u2019outils op\u00e9rationnels r\u00e9pondant aux attentes des acteurs d\u00e9cisionnels reste tr\u00e8s parcellaire. Il existe des mod\u00e8les repr\u00e9sentant de mani\u00e8re d\u00e9taill\u00e9e la croissance du peuplement forestier, rares sont ceux dont les principes d\u2019optimisation r\u00e9pondent \u00e0 des principes \u00e9conomiques. Souvent les mod\u00e8les transcriront simplement les cons\u00e9quences \u00e9conomiques d\u2019une optimisation physique des peuplements. Il s&rsquo;agira de d\u00e9terminer, \u00e0 partir de l\u2019analyse de l\u2019adaptabilit\u00e9 d\u2019une plateforme technique d\u2019optimisation commune de la conduite des peuplements comme CAPSIS, comment les principes \u00e9conomiques d\u2019optimisation peuvent \u00eatre l\u2019objectif primordial de gestion. On pourra envisager d\u2019analyser comment cet itin\u00e9raire optimal peut \u00eatre adapt\u00e9 \u00e0 une \u00e9volution du contexte (par exemple la r\u00e9alisation d&rsquo;un risque, une valeur particuli\u00e8re pour une variable al\u00e9atoire), et de mieux conna\u00eetre les param\u00e8tres auxquels les d\u00e9cisions sont les plus sensibles.<br><br>La seconde consistera, \u00e0 partir de mod\u00e8les de croissance des arbres plus stylis\u00e9s, de d\u00e9crire plus finement les r\u00e9sultats de diff\u00e9rents crit\u00e8res d&rsquo;utilit\u00e9 dits \u00ab\u00a0non esp\u00e9r\u00e9e\u00a0\u00bb dans ce contexte al\u00e9atoire: Nous mettrons en place un ensemble de crit\u00e8res dits d&rsquo;utilit\u00e9 non esp\u00e9r\u00e9e : perte possible, probabilit\u00e9 d&rsquo;avoir un revenu sup\u00e9rieur \u00e0 telle valeur, variance des gains\u2026. L\u2019id\u00e9e sous-jacente est d\u2019utiliser la th\u00e9orie de la viabilit\u00e9 (Aubin, 1991) pour d\u00e9terminer empiriquement l\u2019ensemble des d\u00e9cisions qui r\u00e9pondent \u00e0 l\u2019attente du gestionnaire, \u00e0 savoir qui permettront \u00e0 ces crit\u00e8res de rester \u00e0 l&rsquo;avenir dans une certaine plage consid\u00e9r\u00e9e comme acceptable.<br><br>Le travail final consistera \u00e0 mettre en perspective&nbsp; les deux types de r\u00e9sultats, issus chacun d&rsquo;une des sections de travaux, les premiers directement op\u00e9rationnels au sens traditionnel de la prise en compte de crit\u00e8res \u00e9conomiques dans les d\u00e9cisions de conduite des peuplements, les seconds explorant de nouvelles approches de prise en compte des crit\u00e8res \u00e9conomiques et du processus de d\u00e9cision.<\/p>\n","protected":false},"excerpt":{"rendered":"<p>A l&rsquo;automne 2011, le r\u00e9seau a lanc\u00e9 un appel \u00e0 intentions de recherche ouvert dans le domaine des sciences \u00e9conomiques, humaines et sociales appliqu\u00e9es \u00e0 la for\u00eat et \u00e0 tous ses usages. Nous avons re\u00e7u 24 propositions et avons r\u00e9uni les proposants afin d&rsquo;initier des projets de recherche collaboratifs. A l&rsquo;issue de ce processus nous &hellip; <\/p>\n<p class=\"link-more\"><a href=\"http:\/\/www.gip-ecofor.org\/socioeco\/projets-de-recherche-du-reseau\/\" class=\"more-link\">Lire la suite de<span class=\"screen-reader-text\">\u00ab\u00a0Projets de recherche du r\u00e9seau\u00a0\u00bb<\/span><\/a><\/p>\n","protected":false},"author":1,"featured_media":0,"parent":0,"menu_order":0,"comment_status":"closed","ping_status":"closed","template":"","meta":{"footnotes":""},"class_list":["post-37","page","type-page","status-publish","hentry"],"_links":{"self":[{"href":"http:\/\/www.gip-ecofor.org\/socioeco\/wp-json\/wp\/v2\/pages\/37","targetHints":{"allow":["GET"]}}],"collection":[{"href":"http:\/\/www.gip-ecofor.org\/socioeco\/wp-json\/wp\/v2\/pages"}],"about":[{"href":"http:\/\/www.gip-ecofor.org\/socioeco\/wp-json\/wp\/v2\/types\/page"}],"author":[{"embeddable":true,"href":"http:\/\/www.gip-ecofor.org\/socioeco\/wp-json\/wp\/v2\/users\/1"}],"replies":[{"embeddable":true,"href":"http:\/\/www.gip-ecofor.org\/socioeco\/wp-json\/wp\/v2\/comments?post=37"}],"version-history":[{"count":1,"href":"http:\/\/www.gip-ecofor.org\/socioeco\/wp-json\/wp\/v2\/pages\/37\/revisions"}],"predecessor-version":[{"id":38,"href":"http:\/\/www.gip-ecofor.org\/socioeco\/wp-json\/wp\/v2\/pages\/37\/revisions\/38"}],"wp:attachment":[{"href":"http:\/\/www.gip-ecofor.org\/socioeco\/wp-json\/wp\/v2\/media?parent=37"}],"curies":[{"name":"wp","href":"https:\/\/api.w.org\/{rel}","templated":true}]}}